{"id":35402,"date":"2020-08-05T11:26:18","date_gmt":"2020-08-05T10:26:18","guid":{"rendered":"\/fr\/accesso-vietato\/"},"modified":"2021-05-04T13:45:00","modified_gmt":"2021-05-04T12:45:00","slug":"accesso-vietato","status":"publish","type":"page","link":"https:\/\/www.aep-italia.it\/fr\/accesso-vietato\/","title":{"rendered":"Acc\u00e8s exig\u00e9"},"content":{"rendered":"<h1>Acc\u00e8s exig\u00e9<\/h1>\n<p><img src=\"wp-content\/uploads\/2020\/08\/Tastiera.jpg\" alt=\"\"><\/p>\n<div>\n<p>Pour pouvoir acc\u00e9der \u00e0 ce contenu, l&rsquo;<a href=\"http:\/\/www.aep-italia.it\/fr\/registrati-new\/\">enregistrement<\/a> est demand\u00e9.<\/p>\n<p>Si vous \u00eates un utilisateur d\u00e9j\u00e0 enregistr\u00e9, veuillez vous <a href=\"http:\/\/www.aep-italia.it\/fr\/my-account\/\">identifier.<\/a><\/p>\n<p>\u00a0<\/p>\n<\/div>\n<p><!-- {\"type\":\"layout\",\"children\":[{\"type\":\"section\",\"props\":{\"style\":\"default\",\"width\":\"default\",\"vertical_align\":\"middle\",\"title_position\":\"top-left\",\"title_rotation\":\"left\",\"title_breakpoint\":\"xl\",\"image_position\":\"center-center\",\"text_color\":\"\",\"width_expand\":\"\",\"height\":\"\",\"padding\":\"\",\"header_transparent\":\"\",\"animation\":\"\",\"padding_remove_bottom\":true,\"padding_remove_top\":true},\"children\":[{\"type\":\"row\",\"props\":{\"layout\":\"1-1\",\"breakpoint\":\"m\",\"fixed_width\":\"large\",\"gutter\":\"small\",\"width\":\"\",\"width_expand\":\"\",\"height\":\"\",\"margin\":\"small\",\"margin_remove_top\":true,\"margin_remove_bottom\":true},\"children\":[{\"type\":\"column\",\"props\":{\"widths\":[\"1-1\"],\"image_position\":\"center-center\",\"media_overlay_gradient\":\"\",\"vertical_align\":\"\",\"style\":\"muted\",\"text_color\":\"\",\"padding\":\"small\"},\"children\":[{\"type\":\"headline\",\"props\":{\"title_element\":\"h1\",\"title_style\":\"h2\",\"title_decoration\":\"\",\"title_color\":\"\",\"text_align\":\"\",\"text_align_breakpoint\":\"\",\"text_align_fallback\":\"\",\"maxwidth\":\"\",\"maxwidth_breakpoint\":\"\",\"margin\":\"\",\"animation\":\"\",\"visibility\":\"\",\"content\":\"Acc\\u00e8s exig\\u00e9\",\"block_align\":\"\"}},{\"type\":\"image\",\"props\":{\"margin\":\"small\",\"image_svg_color\":\"emphasis\",\"link_target\":\"\",\"image_border\":\"\",\"image_box_shadow\":\"\",\"image_hover_box_shadow\":\"\",\"image_box_decoration\":\"\",\"text_align\":\"\",\"text_align_breakpoint\":\"\",\"text_align_fallback\":\"\",\"maxwidth\":\"\",\"maxwidth_breakpoint\":\"\",\"animation\":\"\",\"visibility\":\"\",\"image\":\"wp-content\\\/uploads\\\/2020\\\/08\\\/Tastiera.jpg\",\"block_align\":\"\"}},{\"type\":\"text\",\"props\":{\"margin\":\"default\",\"column_breakpoint\":\"m\",\"text_style\":\"\",\"text_color\":\"\",\"text_size\":\"\",\"column\":\"\",\"text_align\":\"\",\"text_align_breakpoint\":\"\",\"text_align_fallback\":\"\",\"maxwidth\":\"\",\"maxwidth_breakpoint\":\"\",\"animation\":\"\",\"visibility\":\"\",\"content\":\"\n\n<p>Pour pouvoir acc\\u00e9der \\u00e0 ce contenu, l'<a href=\\\"http:\\\/\\\/www.aep-italia.it\\\/fr\\\/registrati-new\\\/\\\">enregistrement<\\\/a> est demand\\u00e9.<\\\/p>\\n\n\n<p>Si vous \\u00eates un utilisateur d\\u00e9j\\u00e0 enregistr\\u00e9, veuillez vous <a href=\\\"http:\\\/\\\/www.aep-italia.it\\\/fr\\\/my-account\\\/\\\">identifier.<\\\/a><\\\/p>\\n\n\n<p>\\u00a0<\\\/p>\",\"css\":\"a {\\n    color:#00937a;\\n}\\n\\np {\\n    font-size:20px;\\n}\",\"block_align\":\"\",\"position\":\"\",\"position_z_index\":\"\",\"block_align_breakpoint\":\"\",\"block_align_fallback\":\"\"}}]}]}]}],\"version\":\"1.21.5\",\"props\":[]} --><\/p>\n","protected":false},"excerpt":{"rendered":"<p>Acc\u00e8s exig\u00e9 Pour pouvoir acc\u00e9der \u00e0 ce contenu, l&rsquo;enregistrement est demand\u00e9. Si vous \u00eates un utilisateur d\u00e9j\u00e0 enregistr\u00e9, veuillez vous identifier. \u00a0<\/p>\n","protected":false},"author":19,"featured_media":0,"parent":0,"menu_order":0,"comment_status":"closed","ping_status":"closed","template":"","meta":{"ngg_post_thumbnail":0},"yoast_head":"<!-- This site is optimized with the Yoast SEO plugin v15.9.1 - https:\/\/yoast.com\/wordpress\/plugins\/seo\/ -->\n<title>Acc\u00e8s exig\u00e9 - AEP Ticketing Solutions<\/title>\n<meta name=\"robots\" content=\"index, follow, max-snippet:-1, max-image-preview:large, max-video-preview:-1\" \/>\n<link rel=\"canonical\" href=\"https:\/\/www.aep-italia.it\/fr\/accesso-vietato\/\" \/>\n<meta property=\"og:locale\" content=\"fr_FR\" \/>\n<meta property=\"og:type\" content=\"article\" \/>\n<meta property=\"og:title\" content=\"Acc\u00e8s exig\u00e9 - AEP Ticketing Solutions\" \/>\n<meta property=\"og:description\" content=\"Acc\u00e8s exig\u00e9 Pour pouvoir acc\u00e9der \u00e0 ce contenu, l&rsquo;enregistrement est demand\u00e9. Si vous \u00eates un utilisateur d\u00e9j\u00e0 enregistr\u00e9, veuillez vous identifier. \u00a0\" \/>\n<meta property=\"og:url\" content=\"https:\/\/www.aep-italia.it\/fr\/accesso-vietato\/\" \/>\n<meta property=\"og:site_name\" content=\"AEP Ticketing Solutions\" \/>\n<meta property=\"article:modified_time\" content=\"2021-05-04T12:45:00+00:00\" \/>\n<meta property=\"og:image\" content=\"http:\/\/wp-content\/uploads\/2020\/08\/Tastiera.jpg\" \/>\n<script type=\"application\/ld+json\" class=\"yoast-schema-graph\">{\"@context\":\"https:\/\/schema.org\",\"@graph\":[{\"@type\":\"WebSite\",\"@id\":\"https:\/\/www.aep-italia.it\/it\/#website\",\"url\":\"https:\/\/www.aep-italia.it\/it\/\",\"name\":\"AEP Ticketing Solutions\",\"description\":\"Our priority your Mobility\",\"potentialAction\":[{\"@type\":\"SearchAction\",\"target\":\"https:\/\/www.aep-italia.it\/it\/?s={search_term_string}\",\"query-input\":\"required name=search_term_string\"}],\"inLanguage\":\"fr-FR\"},{\"@type\":\"ImageObject\",\"@id\":\"https:\/\/www.aep-italia.it\/fr\/accesso-vietato\/#primaryimage\",\"inLanguage\":\"fr-FR\",\"url\":\"wp-content\/uploads\/2020\/08\/Tastiera.jpg\"},{\"@type\":\"WebPage\",\"@id\":\"https:\/\/www.aep-italia.it\/fr\/accesso-vietato\/#webpage\",\"url\":\"https:\/\/www.aep-italia.it\/fr\/accesso-vietato\/\",\"name\":\"Acc\\u00e8s exig\\u00e9 - AEP Ticketing Solutions\",\"isPartOf\":{\"@id\":\"https:\/\/www.aep-italia.it\/it\/#website\"},\"primaryImageOfPage\":{\"@id\":\"https:\/\/www.aep-italia.it\/fr\/accesso-vietato\/#primaryimage\"},\"datePublished\":\"2020-08-05T10:26:18+00:00\",\"dateModified\":\"2021-05-04T12:45:00+00:00\",\"breadcrumb\":{\"@id\":\"https:\/\/www.aep-italia.it\/fr\/accesso-vietato\/#breadcrumb\"},\"inLanguage\":\"fr-FR\",\"potentialAction\":[{\"@type\":\"ReadAction\",\"target\":[\"https:\/\/www.aep-italia.it\/fr\/accesso-vietato\/\"]}]},{\"@type\":\"BreadcrumbList\",\"@id\":\"https:\/\/www.aep-italia.it\/fr\/accesso-vietato\/#breadcrumb\",\"itemListElement\":[{\"@type\":\"ListItem\",\"position\":1,\"item\":{\"@type\":\"WebPage\",\"@id\":\"https:\/\/www.aep-italia.it\/fr\/\",\"url\":\"https:\/\/www.aep-italia.it\/fr\/\",\"name\":\"Home\"}},{\"@type\":\"ListItem\",\"position\":2,\"item\":{\"@type\":\"WebPage\",\"@id\":\"https:\/\/www.aep-italia.it\/fr\/accesso-vietato\/\",\"url\":\"https:\/\/www.aep-italia.it\/fr\/accesso-vietato\/\",\"name\":\"Acc\\u00e8s exig\\u00e9\"}}]}]}<\/script>\n<!-- \/ Yoast SEO plugin. -->","_links":{"self":[{"href":"https:\/\/www.aep-italia.it\/fr\/wp-json\/wp\/v2\/pages\/35402"}],"collection":[{"href":"https:\/\/www.aep-italia.it\/fr\/wp-json\/wp\/v2\/pages"}],"about":[{"href":"https:\/\/www.aep-italia.it\/fr\/wp-json\/wp\/v2\/types\/page"}],"author":[{"embeddable":true,"href":"https:\/\/www.aep-italia.it\/fr\/wp-json\/wp\/v2\/users\/19"}],"replies":[{"embeddable":true,"href":"https:\/\/www.aep-italia.it\/fr\/wp-json\/wp\/v2\/comments?post=35402"}],"version-history":[{"count":6,"href":"https:\/\/www.aep-italia.it\/fr\/wp-json\/wp\/v2\/pages\/35402\/revisions"}],"predecessor-version":[{"id":40092,"href":"https:\/\/www.aep-italia.it\/fr\/wp-json\/wp\/v2\/pages\/35402\/revisions\/40092"}],"wp:attachment":[{"href":"https:\/\/www.aep-italia.it\/fr\/wp-json\/wp\/v2\/media?parent=35402"}],"curies":[{"name":"wp","href":"https:\/\/api.w.org\/{rel}","templated":true}]}}