{"id":35442,"date":"2019-07-25T14:24:44","date_gmt":"2019-07-25T13:24:44","guid":{"rendered":"\/fr\/nuova-pagine-referenze\/"},"modified":"2020-11-10T10:44:26","modified_gmt":"2020-11-10T09:44:26","slug":"nuova-pagine-referenze","status":"publish","type":"page","link":"https:\/\/www.aep-italia.it\/fr\/nuova-pagine-referenze\/","title":{"rendered":"R\u00e9f\u00e9rences"},"content":{"rendered":"<div>\n<p>    <img src=\"wp-content\/uploads\/2020\/07\/Referenze-1.jpg\" alt=\"\"><\/p>\n<h1>R\u00c9F\u00c9RENCES<\/h1>\n<div>\n<p style=\"color: white;\">PLUS DE 600 CLIENTS DANS LES TRANSPORTS PUBLICS<\/p>\n<\/div>\n<\/div>\n<p><img src=\"wp-content\/uploads\/2020\/08\/Monde_AEP.jpg\" alt=\"\"><\/p>\n<ul>\n<li>\n<p>        <img src=\"wp-content\/uploads\/2019\/02\/2019-01-13-171909-FR.jpg\" alt=\"\"><\/p>\n<h3>ATM &#038; Trenord Milan <\/h3>\n<div>\n<p>Syst\u00e8me central, supervision installations et centre de production en masse<\/p>\n<\/div>\n<\/li>\n<li>\n<p>        <img src=\"wp-content\/uploads\/2019\/02\/2019-01-13-xxxxxx-FR.jpg\" alt=\"\"><\/p>\n<h3>R\u00e9seau TADAO<\/h3>\n<div>\n<p>Agglom\u00e9rations de Lens-Li\u00e9vin, H\u00e9nin-Carvin et B\u00e9thune-Bruay<\/p>\n<\/div>\n<\/li>\n<li>\n<p>        <img src=\"wp-content\/uploads\/2019\/02\/2019-01-13-171931-FR.jpg\" alt=\"\"><\/p>\n<h3>GTT Turin et autres r\u00e9seaux BIP<\/h3>\n<div>\n<p>85% de BIP est AEP !<\/p>\n<\/div>\n<\/li>\n<li>\n<p>        <img src=\"wp-content\/uploads\/2019\/02\/2019-01-13-xxxxxy-FR.jpg\" alt=\"\"><\/p>\n<h3>Filibus Chartres<\/h3>\n<\/li>\n<li>\n<p>        <img src=\"wp-content\/uploads\/2019\/02\/2019-01-13-172441-FR.jpg\" alt=\"\"><\/p>\n<h3>Busitalia (Italie)<\/h3>\n<\/li>\n<li>\n<p>        <img src=\"wp-content\/uploads\/2020\/08\/carte-france.jpg\" alt=\"\"><\/p>\n<h3>R\u00e9f\u00e9rences d&rsquo;AEP en France<\/h3>\n<\/li>\n<li>\n<p>        <img src=\"wp-content\/uploads\/2019\/02\/2019-01-13-172501-FR.jpg\" alt=\"\"><\/p>\n<h3>Skup card, r\u00e9gion Sil\u00e9sie (Pologne)<\/h3>\n<div>\n<p>Toute une r\u00e9gion, 21 villes<\/p>\n<\/div>\n<\/li>\n<li>\n<p>        <img src=\"wp-content\/uploads\/2019\/02\/2019-01-13-172415-FR.jpg\" alt=\"\"><\/p>\n<h3>Astana, Kazakhstan<\/h3>\n<div>\n<p>Une des villes les plus modernes de la plan\u00e8te<\/p>\n<\/div>\n<\/li>\n<li>\n<p>        <img src=\"wp-content\/uploads\/2017\/06\/702535.E60.11.FR-pres.-AEP.jpg\" alt=\"\"><\/p>\n<h3>Chemins de fer Egyptiens<\/h3>\n<div>\n<p>Un syst\u00e8me de tr\u00e8s grandes dimensions<\/p>\n<\/div>\n<\/li>\n<li>\n<p>        <img src=\"wp-content\/uploads\/2017\/06\/Diapositiva33.jpg\" alt=\"\"><\/p>\n<h3>SNTF, Chemins de fer Alg\u00e9riens<\/h3>\n<div>\n<p>Syst\u00e8me sp\u00e9cialis\u00e9 pour l&rsquo;utilisation ferroviaire<\/p>\n<\/div>\n<\/li>\n<\/ul>\n<h2>R\u00e9capitulatif des principaux Clients d&rsquo;AEP<\/h2>\n<div>\n<ul>\n<li><b>Amag Mobilit\u00e0<\/b>, Alexandrie (Italie)<\/li>\n<li><b>ATAF Gestioni<\/b>, Florence (Italie)<\/li>\n<li><b>ATAP<\/b>, Bielle (Italie)<\/li>\n<li><b>Atoumod SBIS, <\/b>r\u00e9gion Normandie (France)<\/li>\n<li><b>ARST<\/b>, Cagliari (Italie)<\/li>\n<li><b>ASF<\/b>, C\u00f4me (Italie)<\/li>\n<li><b>ATM<\/b>, Milan (Italie)<\/li>\n<li><b>ATP<\/b>, Nuoro (Italie)<\/li>\n<li><b>ATP<\/b>, Sassari (Italie)<\/li>\n<li><b>ATV,<\/b> Verone (Italie)<\/li>\n<li><b>Automobilistica Perego<\/b>, Tirano (Italie)<\/li>\n<li><b>beeMob<\/b>, B\u00e9ziers (France)<\/li>\n<li><b>Busitalia<\/b> Ombrie (Italie)<\/li>\n<li><b>CO.ER.BUS<\/b>, Lugo (Italie)<\/li>\n<li><b>CTPI<\/b>, Var\u00e8se (Italie)<\/li>\n<li><b>CTT Nord<\/b>, Toscane (Italie)<\/li>\n<li><b>Egyptian Railways <\/b>(Egypte)<\/li>\n<li><b>Extra.To<\/b>, Pi\u00e9mont (Italie)<\/li>\n<li><b>GTT<\/b>, Turin (Italie)<\/li>\n<li><b>Imagine<\/b>, Epinal (France)<\/li>\n<li><b>LRT, <\/b>Nur-Sultan (Kazakhstan)<\/li>\n<li><b>Metropolitana di Torino<\/b>, Turin (Italie)<\/li>\n<li><b>MOBIGO, <\/b>r\u00e9gion Bourgogne Franche-Comt\u00e9 (avec Cityway, France)<\/li>\n<li><strong>M\u00f6bius<\/strong>, Angoul\u00eame<span class=\"Apple-converted-space\">\u00a0 <\/span>(France)<\/li>\n<li><b>MOM<\/b>, Tr\u00e9vise (Italie)<\/li>\n<li><b>Moza\u00efk<\/b>, Martinique (France)<\/li>\n<li><b>People Mover<\/b>, Bologne (Italie)<\/li>\n<li><b>Pisa Mover<\/b>, Pise (Italie)<\/li>\n<li><b>R&rsquo;Bus<\/b>, Rochefort (France)<\/li>\n<li><b>R\u00e9gion Sardaigne <\/b>(Italie)<\/li>\n<li><b>R\u00e9mi, <\/b>r\u00e9gion Centre-Val de Loire\u00a0(France)<\/li>\n<li><strong>\u015akup card, <\/strong>r\u00e9gion Sil\u00e9sie (Pologne)<\/li>\n<li><b>SADEM Arriva Italia<\/b>, Milan (Italie)<span class=\"Apple-converted-space\">\u00a0<\/span><\/li>\n<li><b>SEAM<\/b>, Cortina d&rsquo;Ampezzo (Italie)<\/li>\n<li><strong>SETA<\/strong>, Mod\u00e8ne (Italie)<\/li>\n<li><b>SITAC<\/b>, Ch\u00e2lons-en-Champagne (France)<span class=\"Apple-converted-space\">\u00a0<\/span><\/li>\n<li><b>SNTF<\/b>, Chemins de fer alg\u00e9riens (Alg\u00e9rie)<\/li>\n<li><b>Societ\u00e0 Vicentina Trasporti<\/b>, Vicence (Italie)<\/li>\n<li><b>SPL Chartres M\u00e9tropole, Filibus<\/b>, Chartres (France)<\/li>\n<li><b>SPL Trans-Landes<\/b>, Dax (France)<\/li>\n<li><strong>Start Romagna<\/strong>, Rimini (Italie)<\/li>\n<li><b>TADAO<\/b>,\u00a0SMT Artois-Gohelle\u00a0 (France)<\/li>\n<li><strong>TEP<\/strong>, Parme (Italie)<\/li>\n<li><b>Tiemme<\/b>, Toscane (Italie)<\/li>\n<li><b>Tper<\/b>, Bologne (Italie)<\/li>\n<li><b>Trenord<\/b>, Milan (Italie)<\/li>\n<li><b>Trieste Trasporti <\/b>(Italie)<\/li>\n<li><b>Trotta<\/b>, Rome (Italie)<\/li>\n<li><b>Vitalis<\/b>, Poitiers (France)<\/li>\n<\/ul>\n<\/div>\n<p><!-- {\"type\":\"layout\",\"children\":[{\"type\":\"section\",\"props\":{\"style\":\"default\",\"width\":\"default\",\"vertical_align\":\"middle\",\"title_position\":\"top-left\",\"title_rotation\":\"left\",\"title_breakpoint\":\"xl\",\"image_position\":\"center-center\",\"text_color\":\"\",\"width_expand\":\"\",\"height\":\"\",\"padding\":\"\",\"header_transparent\":\"\",\"animation\":\"\",\"padding_remove_top\":true,\"padding_remove_bottom\":true},\"children\":[{\"type\":\"row\",\"props\":{\"layout\":\"1-1\",\"breakpoint\":\"m\",\"fixed_width\":\"large\",\"gutter\":\"\",\"width\":\"\",\"width_expand\":\"\",\"height\":\"\",\"margin\":\"small\",\"margin_remove_bottom\":true},\"children\":[{\"type\":\"column\",\"props\":{\"widths\":[\"1-1\"],\"image_position\":\"center-center\",\"media_overlay_gradient\":\"\",\"vertical_align\":\"\",\"style\":\"\",\"text_color\":\"\",\"padding\":\"\"},\"children\":[{\"name\":\"Testata\",\"type\":\"slideshow\",\"props\":{\"show_title\":true,\"show_meta\":true,\"show_content\":true,\"show_link\":true,\"show_thumbnail\":true,\"slideshow_min_height\":\"300\",\"slideshow_autoplay_pause\":false,\"nav\":\"dotnav\",\"nav_position\":\"bottom-center\",\"nav_position_margin\":\"medium\",\"nav_align\":\"center\",\"nav_breakpoint\":\"xl\",\"thumbnav_width\":\"100\",\"thumbnav_height\":\"75\",\"slidenav\":\"bottom-left\",\"slidenav_margin\":\"\",\"slidenav_breakpoint\":\"m\",\"slidenav_outside_breakpoint\":\"xl\",\"overlay_position\":\"bottom-left\",\"overlay_animation\":\"parallax\",\"title_element\":\"h1\",\"meta_style\":\"meta\",\"meta_align\":\"above-title\",\"link_text\":\"Read more\",\"link_style\":\"text\",\"margin\":\"default\",\"overlay_style\":\"overlay-default\",\"overlay_padding\":\"large\",\"overlay_width\":\"xlarge\",\"overlay_margin\":\"none\",\"title_style\":\"h1\",\"meta_margin\":\"\",\"link_target\":false,\"link_size\":\"\",\"slideshow_height\":\"\",\"nav_below\":false,\"css\":\"h1 {\\n    font-size: 55px;\\n    font-weight: 900;\\n}\",\"text_color\":\"\",\"slidenav_large\":true,\"overlay_container\":\"\",\"slideshow_autoplay\":true,\"slideshow_animation\":\"fade\",\"animation\":\"\",\"parallax_opacity_end\":\"\",\"parallax_easing\":\"\",\"parallax_scale_end\":\"\",\"image_width\":\"2560\",\"image_height\":\"1440\",\"thumbnav_svg_color\":\"emphasis\",\"title_margin\":\"small\",\"slideshow_box_shadow\":\"\",\"slideshow_box_decoration\":\"\",\"slideshow_kenburns\":\"\",\"nav_margin\":\"\",\"nav_color\":\"\",\"slidenav_outside_color\":\"\",\"overlay_container_padding\":\"\",\"title_decoration\":\"\",\"title_color\":\"\",\"meta_color\":\"\",\"content_style\":\"\",\"content_margin\":\"\",\"link_margin\":\"large\",\"text_align\":\"\",\"text_align_breakpoint\":\"\",\"text_align_fallback\":\"\",\"maxwidth\":\"\",\"maxwidth_breakpoint\":\"\",\"visibility\":\"\",\"slideshow_max_height\":\"500\",\"block_align\":\"\",\"title_font_family\":\"\",\"position\":\"\",\"position_z_index\":\"\",\"block_align_breakpoint\":\"\",\"block_align_fallback\":\"\",\"margin_remove_top\":true},\"children\":[{\"name\":\"\",\"type\":\"slideshow_item\",\"props\":{\"image\":\"wp-content\\\/uploads\\\/2020\\\/07\\\/Referenze-1.jpg\",\"title\":\"R\\u00c9F\\u00c9RENCES\",\"meta\":\"\",\"link\":\"\",\"link_text\":\"\",\"text_color\":\"\",\"content\":\"\n\n<p style=\\\"color: white;\\\">PLUS DE 600 CLIENTS DANS LES TRANSPORTS PUBLICS<\\\/p>\",\"media_blend_mode\":\"\"}}]}]}]}]},{\"type\":\"section\",\"props\":{\"style\":\"default\",\"width\":\"large\",\"vertical_align\":\"middle\",\"title_position\":\"top-left\",\"title_rotation\":\"left\",\"title_breakpoint\":\"xl\",\"image_position\":\"center-center\",\"text_color\":\"\",\"width_expand\":\"\",\"height\":\"\",\"padding\":\"xsmall\",\"header_transparent\":\"\",\"animation\":\"\",\"padding_remove_top\":false,\"padding_remove_bottom\":true},\"children\":[{\"type\":\"row\",\"props\":{\"layout\":\"1-1\",\"breakpoint\":\"m\",\"fixed_width\":\"large\",\"gutter\":\"\",\"width\":\"\",\"width_expand\":\"\",\"height\":\"\",\"margin\":\"small\",\"margin_remove_top\":true},\"children\":[{\"type\":\"column\",\"props\":{\"widths\":[\"1-1\"],\"image_position\":\"center-center\",\"media_overlay_gradient\":\"\",\"vertical_align\":\"\",\"style\":\"\",\"text_color\":\"\",\"padding\":\"\"},\"children\":[{\"type\":\"image\",\"props\":{\"margin\":\"default\",\"image_svg_color\":\"emphasis\",\"link_target\":\"\",\"image_border\":\"\",\"image_box_shadow\":\"\",\"image_hover_box_shadow\":\"\",\"image_box_decoration\":\"\",\"position\":\"\",\"position_z_index\":\"\",\"maxwidth\":\"\",\"maxwidth_breakpoint\":\"\",\"block_align\":\"\",\"block_align_breakpoint\":\"\",\"block_align_fallback\":\"\",\"text_align\":\"\",\"text_align_breakpoint\":\"\",\"text_align_fallback\":\"\",\"animation\":\"\",\"visibility\":\"\",\"image\":\"wp-content\\\/uploads\\\/2020\\\/08\\\/Monde_AEP.jpg\",\"margin_remove_top\":false}}]}]},{\"type\":\"row\",\"props\":{\"layout\":\"1-1\",\"breakpoint\":\"m\",\"fixed_width\":\"large\",\"gutter\":\"small\",\"width\":\"large\",\"width_expand\":\"\",\"height\":\"\",\"margin\":\"remove-vertical\",\"match\":true},\"children\":[{\"type\":\"column\",\"props\":{\"widths\":[\"1-1\"],\"image_position\":\"center-center\",\"media_overlay_gradient\":\"\",\"vertical_align\":\"\",\"style\":\"\",\"text_color\":\"\",\"padding\":\"xsmall\"},\"children\":[{\"type\":\"grid\",\"props\":{\"show_title\":true,\"show_meta\":false,\"show_content\":true,\"show_image\":true,\"show_link\":true,\"grid_default\":\"1\",\"grid_medium\":\"2\",\"filter_style\":\"tab\",\"filter_all\":true,\"filter_position\":\"top\",\"filter_align\":\"left\",\"filter_grid_width\":\"auto\",\"filter_breakpoint\":\"m\",\"title_element\":\"h3\",\"title_align\":\"top\",\"title_grid_width\":\"1-2\",\"title_breakpoint\":\"m\",\"meta_style\":\"meta\",\"meta_align\":\"below-title\",\"icon_ratio\":4,\"image_align\":\"top\",\"image_grid_width\":\"1-2\",\"image_breakpoint\":\"m\",\"image_svg_color\":\"emphasis\",\"link_text\":\"Read more\",\"link_style\":\"default\",\"margin\":\"small\",\"item_animation\":\"\",\"gutter\":\"small\",\"grid_small\":\"\",\"grid_large\":\"\",\"grid_xlarge\":\"\",\"filter_margin\":\"\",\"filter_gutter\":\"\",\"title_display\":\"\",\"content_display\":\"\",\"panel_style\":\"card-default\",\"panel_content_padding\":\"\",\"panel_size\":\"small\",\"item_maxwidth\":\"\",\"title_style\":\"h3\",\"title_decoration\":\"divider\",\"title_color\":\"muted\",\"title_gutter\":\"\",\"title_margin\":\"\",\"meta_color\":\"\",\"meta_margin\":\"small\",\"content_style\":\"\",\"content_margin\":\"small\",\"image_border\":\"\",\"image_box_shadow\":\"\",\"image_hover_box_shadow\":\"\",\"image_box_decoration\":\"\",\"icon_color\":\"\",\"image_gutter\":\"\",\"image_margin\":\"\",\"link_type\":\"\",\"link_size\":\"\",\"link_margin\":\"\",\"text_align\":\"\",\"text_align_breakpoint\":\"\",\"text_align_fallback\":\"\",\"maxwidth\":\"\",\"maxwidth_breakpoint\":\"\",\"visibility\":\"\",\"panel_card_image\":true,\"css\":\"\",\"block_align\":\"\",\"title_hover_style\":\"reset\",\"title_font_family\":\"\",\"image_transition\":\"\",\"position\":\"\",\"position_z_index\":\"\",\"block_align_breakpoint\":\"\",\"block_align_fallback\":\"\"},\"children\":[{\"type\":\"grid_item\",\"props\":{\"title\":\"ATM & Trenord Milan \",\"content\":\"\n\n<p>Syst\\u00e8me central, supervision installations et centre de production en masse<\\\/p>\",\"image\":\"wp-content\\\/uploads\\\/2019\\\/02\\\/2019-01-13-171909-FR.jpg\"}},{\"type\":\"grid_item\",\"props\":{\"title\":\"R\\u00e9seau TADAO\",\"content\":\"\n\n<p>Agglom\\u00e9rations de Lens-Li\\u00e9vin, H\\u00e9nin-Carvin et B\\u00e9thune-Bruay<\\\/p>\",\"image\":\"wp-content\\\/uploads\\\/2019\\\/02\\\/2019-01-13-xxxxxx-FR.jpg\"}},{\"type\":\"grid_item\",\"props\":{\"title\":\"GTT Turin et autres r\\u00e9seaux BIP\",\"content\":\"\n\n<p>85% de BIP est AEP !<\\\/p>\",\"meta\":\"\",\"image\":\"wp-content\\\/uploads\\\/2019\\\/02\\\/2019-01-13-171931-FR.jpg\"}},{\"type\":\"grid_item\",\"props\":{\"title\":\"Filibus Chartres\",\"content\":\"\",\"meta\":\"\",\"image\":\"wp-content\\\/uploads\\\/2019\\\/02\\\/2019-01-13-xxxxxy-FR.jpg\"}},{\"type\":\"grid_item\",\"props\":{\"title\":\"Busitalia (Italie)\",\"content\":\"\",\"meta\":\"\",\"image\":\"wp-content\\\/uploads\\\/2019\\\/02\\\/2019-01-13-172441-FR.jpg\"}},{\"type\":\"grid_item\",\"props\":{\"title\":\"R\\u00e9f\\u00e9rences d'AEP en France\",\"content\":\"\",\"meta\":\"\",\"image\":\"wp-content\\\/uploads\\\/2020\\\/08\\\/carte-france.jpg\"}},{\"type\":\"grid_item\",\"props\":{\"title\":\"Skup card, r\\u00e9gion Sil\\u00e9sie (Pologne)\",\"content\":\"\n\n<p>Toute une r\\u00e9gion, 21 villes<\\\/p>\",\"meta\":\"\",\"image\":\"wp-content\\\/uploads\\\/2019\\\/02\\\/2019-01-13-172501-FR.jpg\"}},{\"type\":\"grid_item\",\"props\":{\"title\":\"Astana, Kazakhstan\",\"content\":\"\n\n<p>Une des villes les plus modernes de la plan\\u00e8te<\\\/p>\",\"meta\":\"\",\"image\":\"wp-content\\\/uploads\\\/2019\\\/02\\\/2019-01-13-172415-FR.jpg\"}},{\"type\":\"grid_item\",\"props\":{\"title\":\"Chemins de fer Egyptiens\",\"content\":\"\n\n<p>Un syst\\u00e8me de tr\\u00e8s grandes dimensions<\\\/p>\",\"meta\":\"\",\"image\":\"wp-content\\\/uploads\\\/2017\\\/06\\\/702535.E60.11.FR-pres.-AEP.jpg\"}},{\"type\":\"grid_item\",\"props\":{\"title\":\"SNTF, Chemins de fer Alg\\u00e9riens\",\"content\":\"\n\n<p>Syst\\u00e8me sp\\u00e9cialis\\u00e9 pour l'utilisation ferroviaire<\\\/p>\",\"meta\":\"\",\"image\":\"wp-content\\\/uploads\\\/2017\\\/06\\\/Diapositiva33.jpg\"}}]}]}]}]},{\"type\":\"section\",\"props\":{\"style\":\"default\",\"width\":\"default\",\"vertical_align\":\"middle\",\"title_position\":\"top-left\",\"title_rotation\":\"left\",\"title_breakpoint\":\"xl\",\"image_position\":\"center-center\",\"text_color\":\"\",\"width_expand\":\"\",\"height\":\"\",\"padding\":\"\",\"header_transparent\":\"\",\"animation\":\"\",\"padding_remove_bottom\":true,\"padding_remove_top\":false},\"children\":[{\"type\":\"row\",\"props\":{\"layout\":\"1-1\",\"breakpoint\":\"m\",\"fixed_width\":\"large\",\"gutter\":\"\",\"width\":\"\",\"width_expand\":\"\",\"height\":\"\",\"margin\":\"\",\"margin_remove_top\":true,\"margin_remove_bottom\":true},\"children\":[{\"type\":\"column\",\"props\":{\"widths\":[\"1-1\"],\"image_position\":\"center-center\",\"media_overlay_gradient\":\"\",\"vertical_align\":\"\",\"style\":\"muted\",\"text_color\":\"\",\"padding\":\"\"},\"children\":[{\"type\":\"headline\",\"props\":{\"title_element\":\"h2\",\"title_style\":\"h2\",\"title_decoration\":\"\",\"title_font_family\":\"\",\"title_color\":\"\",\"position\":\"\",\"position_z_index\":\"\",\"margin\":\"\",\"maxwidth\":\"\",\"maxwidth_breakpoint\":\"\",\"block_align\":\"\",\"block_align_breakpoint\":\"\",\"block_align_fallback\":\"\",\"text_align\":\"\",\"text_align_breakpoint\":\"\",\"text_align_fallback\":\"\",\"animation\":\"\",\"visibility\":\"\",\"content\":\"R\\u00e9capitulatif des principaux Clients d'AEP\"}},{\"type\":\"text\",\"props\":{\"margin\":\"default\",\"column_breakpoint\":\"m\",\"text_style\":\"\",\"text_color\":\"\",\"text_size\":\"\",\"column\":\"1-3\",\"position\":\"\",\"position_z_index\":\"\",\"maxwidth\":\"\",\"maxwidth_breakpoint\":\"\",\"block_align\":\"\",\"block_align_breakpoint\":\"\",\"block_align_fallback\":\"\",\"text_align\":\"\",\"text_align_breakpoint\":\"\",\"text_align_fallback\":\"\",\"animation\":\"\",\"visibility\":\"\",\"content\":\"\n\n<ul>\\n\n\n<li><b>Amag Mobilit\\u00e0<\\\/b>, Alexandrie (Italie)<\\\/li>\\n\n\n<li><b>ATAF Gestioni<\\\/b>, Florence (Italie)<\\\/li>\\n\n\n<li><b>ATAP<\\\/b>, Bielle (Italie)<\\\/li>\\n\n\n<li><b>Atoumod SBIS, <\\\/b>r\\u00e9gion Normandie (France)<\\\/li>\\n\n\n<li><b>ARST<\\\/b>, Cagliari (Italie)<\\\/li>\\n\n\n<li><b>ASF<\\\/b>, C\\u00f4me (Italie)<\\\/li>\\n\n\n<li><b>ATM<\\\/b>, Milan (Italie)<\\\/li>\\n\n\n<li><b>ATP<\\\/b>, Nuoro (Italie)<\\\/li>\\n\n\n<li><b>ATP<\\\/b>, Sassari (Italie)<\\\/li>\\n\n\n<li><b>ATV,<\\\/b> Verone (Italie)<\\\/li>\\n\n\n<li><b>Automobilistica Perego<\\\/b>, Tirano (Italie)<\\\/li>\\n\n\n<li><b>beeMob<\\\/b>, B\\u00e9ziers (France)<\\\/li>\\n\n\n<li><b>Busitalia<\\\/b> Ombrie (Italie)<\\\/li>\\n\n\n<li><b>CO.ER.BUS<\\\/b>, Lugo (Italie)<\\\/li>\\n\n\n<li><b>CTPI<\\\/b>, Var\\u00e8se (Italie)<\\\/li>\\n\n\n<li><b>CTT Nord<\\\/b>, Toscane (Italie)<\\\/li>\\n\n\n<li><b>Egyptian Railways <\\\/b>(Egypte)<\\\/li>\\n\n\n<li><b>Extra.To<\\\/b>, Pi\\u00e9mont (Italie)<\\\/li>\\n\n\n<li><b>GTT<\\\/b>, Turin (Italie)<\\\/li>\\n\n\n<li><b>Imagine<\\\/b>, Epinal (France)<\\\/li>\\n\n\n<li><b>LRT, <\\\/b>Nur-Sultan (Kazakhstan)<\\\/li>\\n\n\n<li><b>Metropolitana di Torino<\\\/b>, Turin (Italie)<\\\/li>\\n\n\n<li><b>MOBIGO, <\\\/b>r\\u00e9gion Bourgogne Franche-Comt\\u00e9 (avec Cityway, France)<\\\/li>\\n\n\n<li><strong>M\\u00f6bius<\\\/strong>, Angoul\\u00eame<span class=\\\"Apple-converted-space\\\">\\u00a0 <\\\/span>(France)<\\\/li>\\n\n\n<li><b>MOM<\\\/b>, Tr\\u00e9vise (Italie)<\\\/li>\\n\n\n<li><b>Moza\\u00efk<\\\/b>, Martinique (France)<\\\/li>\\n\n\n<li><b>People Mover<\\\/b>, Bologne (Italie)<\\\/li>\\n\n\n<li><b>Pisa Mover<\\\/b>, Pise (Italie)<\\\/li>\\n\n\n<li><b>R'Bus<\\\/b>, Rochefort (France)<\\\/li>\\n\n\n<li><b>R\\u00e9gion Sardaigne <\\\/b>(Italie)<\\\/li>\\n\n\n<li><b>R\\u00e9mi, <\\\/b>r\\u00e9gion Centre-Val de Loire\\u00a0(France)<\\\/li>\\n\n\n<li><strong>\\u015akup card, <\\\/strong>r\\u00e9gion Sil\\u00e9sie (Pologne)<\\\/li>\\n\n\n<li><b>SADEM Arriva Italia<\\\/b>, Milan (Italie)<span class=\\\"Apple-converted-space\\\">\\u00a0<\\\/span><\\\/li>\\n\n\n<li><b>SEAM<\\\/b>, Cortina d'Ampezzo (Italie)<\\\/li>\\n\n\n<li><strong>SETA<\\\/strong>, Mod\\u00e8ne (Italie)<\\\/li>\\n\n\n<li><b>SITAC<\\\/b>, Ch\\u00e2lons-en-Champagne (France)<span class=\\\"Apple-converted-space\\\">\\u00a0<\\\/span><\\\/li>\\n\n\n<li><b>SNTF<\\\/b>, Chemins de fer alg\\u00e9riens (Alg\\u00e9rie)<\\\/li>\\n\n\n<li><b>Societ\\u00e0 Vicentina Trasporti<\\\/b>, Vicence (Italie)<\\\/li>\\n\n\n<li><b>SPL Chartres M\\u00e9tropole, Filibus<\\\/b>, Chartres (France)<\\\/li>\\n\n\n<li><b>SPL Trans-Landes<\\\/b>, Dax (France)<\\\/li>\\n\n\n<li><strong>Start Romagna<\\\/strong>, Rimini (Italie)<\\\/li>\\n\n\n<li><b>TADAO<\\\/b>,\\u00a0SMT Artois-Gohelle\\u00a0 (France)<\\\/li>\\n\n\n<li><strong>TEP<\\\/strong>, Parme (Italie)<\\\/li>\\n\n\n<li><b>Tiemme<\\\/b>, Toscane (Italie)<\\\/li>\\n\n\n<li><b>Tper<\\\/b>, Bologne (Italie)<\\\/li>\\n\n\n<li><b>Trenord<\\\/b>, Milan (Italie)<\\\/li>\\n\n\n<li><b>Trieste Trasporti <\\\/b>(Italie)<\\\/li>\\n\n\n<li><b>Trotta<\\\/b>, Rome (Italie)<\\\/li>\\n\n\n<li><b>Vitalis<\\\/b>, Poitiers (France)<\\\/li>\\n<\\\/ul>\",\"column_divider\":true}}]}]}],\"name\":\"LISTA\"},{\"type\":\"section\",\"props\":{\"style\":\"default\",\"width\":\"default\",\"vertical_align\":\"middle\",\"title_position\":\"top-left\",\"title_rotation\":\"left\",\"title_breakpoint\":\"xl\",\"image_position\":\"center-center\",\"text_color\":\"\",\"width_expand\":\"\",\"height\":\"\",\"padding\":\"\",\"header_transparent\":\"\",\"animation\":\"\",\"padding_remove_top\":true},\"children\":[{\"type\":\"row\",\"props\":{\"layout\":\"1-1\",\"breakpoint\":\"m\",\"fixed_width\":\"large\",\"gutter\":\"\",\"width\":\"\",\"width_expand\":\"\",\"height\":\"\",\"margin\":\"\"},\"children\":[{\"type\":\"column\",\"props\":{\"widths\":[\"1-1\"],\"image_position\":\"center-center\",\"media_overlay_gradient\":\"\",\"vertical_align\":\"\",\"style\":\"\",\"text_color\":\"\",\"padding\":\"\"},\"children\":[{\"type\":\"totop\",\"props\":{\"margin\":\"default\",\"position\":\"\",\"position_z_index\":\"\",\"maxwidth\":\"\",\"maxwidth_breakpoint\":\"\",\"block_align\":\"\",\"block_align_breakpoint\":\"\",\"block_align_fallback\":\"\",\"text_align\":\"center\",\"text_align_breakpoint\":\"\",\"text_align_fallback\":\"\",\"animation\":\"\",\"visibility\":\"\"}}]}]}]}],\"version\":\"1.21.5\",\"props\":[]} --><\/p>\n","protected":false},"excerpt":{"rendered":"<p>R\u00c9F\u00c9RENCES PLUS DE 600 CLIENTS DANS LES TRANSPORTS PUBLICS ATM &#038; Trenord Milan Syst\u00e8me central, supervision installations et centre de production en masse R\u00e9seau TADAO Agglom\u00e9rations de Lens-Li\u00e9vin, H\u00e9nin-Carvin et B\u00e9thune-Bruay GTT Turin et autres r\u00e9seaux BIP 85% de BIP est AEP ! Filibus Chartres Busitalia (Italie) R\u00e9f\u00e9rences d&rsquo;AEP en France Skup card, r\u00e9gion Sil\u00e9sie [&hellip;]<\/p>\n","protected":false},"author":12,"featured_media":0,"parent":0,"menu_order":0,"comment_status":"closed","ping_status":"closed","template":"","meta":{"ngg_post_thumbnail":0},"yoast_head":"<!-- This site is optimized with the Yoast SEO plugin v15.9.1 - https:\/\/yoast.com\/wordpress\/plugins\/seo\/ -->\n<title>R\u00e9f\u00e9rences - AEP Ticketing Solutions<\/title>\n<meta name=\"robots\" content=\"index, follow, max-snippet:-1, max-image-preview:large, max-video-preview:-1\" \/>\n<link rel=\"canonical\" href=\"https:\/\/www.aep-italia.it\/fr\/nuova-pagine-referenze\/\" \/>\n<meta property=\"og:locale\" content=\"fr_FR\" \/>\n<meta property=\"og:type\" content=\"article\" \/>\n<meta property=\"og:title\" content=\"R\u00e9f\u00e9rences - AEP Ticketing Solutions\" \/>\n<meta property=\"og:description\" content=\"R\u00c9F\u00c9RENCES PLUS DE 600 CLIENTS DANS LES TRANSPORTS PUBLICS ATM &#038; Trenord Milan Syst\u00e8me central, supervision installations et centre de production en masse R\u00e9seau TADAO Agglom\u00e9rations de Lens-Li\u00e9vin, H\u00e9nin-Carvin et B\u00e9thune-Bruay GTT Turin et autres r\u00e9seaux BIP 85% de BIP est AEP ! Filibus Chartres Busitalia (Italie) R\u00e9f\u00e9rences d&rsquo;AEP en France Skup card, r\u00e9gion Sil\u00e9sie [&hellip;]\" \/>\n<meta property=\"og:url\" content=\"https:\/\/www.aep-italia.it\/fr\/nuova-pagine-referenze\/\" \/>\n<meta property=\"og:site_name\" content=\"AEP Ticketing Solutions\" \/>\n<meta property=\"article:modified_time\" content=\"2020-11-10T09:44:26+00:00\" \/>\n<meta property=\"og:image\" content=\"http:\/\/wp-content\/uploads\/2020\/07\/Referenze-1.jpg\" \/>\n<meta name=\"twitter:label1\" content=\"Dur\u00e9e de lecture est.\">\n\t<meta name=\"twitter:data1\" content=\"2 minutes\">\n<script type=\"application\/ld+json\" class=\"yoast-schema-graph\">{\"@context\":\"https:\/\/schema.org\",\"@graph\":[{\"@type\":\"WebSite\",\"@id\":\"https:\/\/www.aep-italia.it\/it\/#website\",\"url\":\"https:\/\/www.aep-italia.it\/it\/\",\"name\":\"AEP Ticketing Solutions\",\"description\":\"Our priority your Mobility\",\"potentialAction\":[{\"@type\":\"SearchAction\",\"target\":\"https:\/\/www.aep-italia.it\/it\/?s={search_term_string}\",\"query-input\":\"required name=search_term_string\"}],\"inLanguage\":\"fr-FR\"},{\"@type\":\"ImageObject\",\"@id\":\"https:\/\/www.aep-italia.it\/fr\/nuova-pagine-referenze\/#primaryimage\",\"inLanguage\":\"fr-FR\",\"url\":\"wp-content\/uploads\/2020\/07\/Referenze-1.jpg\"},{\"@type\":\"WebPage\",\"@id\":\"https:\/\/www.aep-italia.it\/fr\/nuova-pagine-referenze\/#webpage\",\"url\":\"https:\/\/www.aep-italia.it\/fr\/nuova-pagine-referenze\/\",\"name\":\"R\\u00e9f\\u00e9rences - AEP Ticketing Solutions\",\"isPartOf\":{\"@id\":\"https:\/\/www.aep-italia.it\/it\/#website\"},\"primaryImageOfPage\":{\"@id\":\"https:\/\/www.aep-italia.it\/fr\/nuova-pagine-referenze\/#primaryimage\"},\"datePublished\":\"2019-07-25T13:24:44+00:00\",\"dateModified\":\"2020-11-10T09:44:26+00:00\",\"breadcrumb\":{\"@id\":\"https:\/\/www.aep-italia.it\/fr\/nuova-pagine-referenze\/#breadcrumb\"},\"inLanguage\":\"fr-FR\",\"potentialAction\":[{\"@type\":\"ReadAction\",\"target\":[\"https:\/\/www.aep-italia.it\/fr\/nuova-pagine-referenze\/\"]}]},{\"@type\":\"BreadcrumbList\",\"@id\":\"https:\/\/www.aep-italia.it\/fr\/nuova-pagine-referenze\/#breadcrumb\",\"itemListElement\":[{\"@type\":\"ListItem\",\"position\":1,\"item\":{\"@type\":\"WebPage\",\"@id\":\"https:\/\/www.aep-italia.it\/fr\/\",\"url\":\"https:\/\/www.aep-italia.it\/fr\/\",\"name\":\"Home\"}},{\"@type\":\"ListItem\",\"position\":2,\"item\":{\"@type\":\"WebPage\",\"@id\":\"https:\/\/www.aep-italia.it\/fr\/nuova-pagine-referenze\/\",\"url\":\"https:\/\/www.aep-italia.it\/fr\/nuova-pagine-referenze\/\",\"name\":\"R\\u00e9f\\u00e9rences\"}}]}]}<\/script>\n<!-- \/ Yoast SEO plugin. -->","_links":{"self":[{"href":"https:\/\/www.aep-italia.it\/fr\/wp-json\/wp\/v2\/pages\/35442"}],"collection":[{"href":"https:\/\/www.aep-italia.it\/fr\/wp-json\/wp\/v2\/pages"}],"about":[{"href":"https:\/\/www.aep-italia.it\/fr\/wp-json\/wp\/v2\/types\/page"}],"author":[{"embeddable":true,"href":"https:\/\/www.aep-italia.it\/fr\/wp-json\/wp\/v2\/users\/12"}],"replies":[{"embeddable":true,"href":"https:\/\/www.aep-italia.it\/fr\/wp-json\/wp\/v2\/comments?post=35442"}],"version-history":[{"count":5,"href":"https:\/\/www.aep-italia.it\/fr\/wp-json\/wp\/v2\/pages\/35442\/revisions"}],"predecessor-version":[{"id":39191,"href":"https:\/\/www.aep-italia.it\/fr\/wp-json\/wp\/v2\/pages\/35442\/revisions\/39191"}],"wp:attachment":[{"href":"https:\/\/www.aep-italia.it\/fr\/wp-json\/wp\/v2\/media?parent=35442"}],"curies":[{"name":"wp","href":"https:\/\/api.w.org\/{rel}","templated":true}]}}