{"id":35460,"date":"2015-05-21T14:08:43","date_gmt":"2015-05-21T13:08:43","guid":{"rendered":"\/fr\/cookie\/"},"modified":"2020-08-28T16:33:46","modified_gmt":"2020-08-28T15:33:46","slug":"cookie","status":"publish","type":"page","link":"https:\/\/www.aep-italia.it\/fr\/cookie\/","title":{"rendered":"Cookie"},"content":{"rendered":"<p>[et_pb_section][et_pb_row][et_pb_column type=\u00a0\u00bb4_4&Prime;][et_pb_text admin_label=\u00a0\u00bbTesto\u00a0\u00bb background_layout=\u00a0\u00bblight\u00a0\u00bb text_orientation=\u00a0\u00bbleft\u00a0\u00bb]<\/p>\n<div class=\"bg_parallax \">\n<div class=\"\">\n<div class=\"vc_row wpb_row vc_row-fluid\">\n<div class=\"vc_col-sm-12 wpb_column vc_column_container \">\n<div class=\"wpb_wrapper\">\n<div class=\"section-title  center\" style=\"text-align: center; color: #00937a;\">\n<h2 class=\"bold text-uppercase\" style=\"font-size: 40px; color: #00937a;\">Cookies<\/h2>\n<p>&nbsp;<\/p>\n<\/div>\n<div class=\"wpb_text_column wpb_content_element \">\n<div class=\"wpb_wrapper\">\n<p><em>Ce site utilise des cookies pour am\u00e9liorer l&rsquo;exp\u00e9rience de navigation des utilisateurs et pour collecteur des informations sur l&rsquo;utilisation de ce site. Nous utilisons des cookies techniques et des cookies de tiers pour envoyer des messages promotionnels en fonction des comportements des utilisateurs. En poursuivant la navigation, vous acceptez l&rsquo;utilisation des cookies ; dans le cas contraire, vous pouvez quitter le site.<\/em><\/p>\n<h3>Que sont les cookies ?<\/h3>\n<p>Les cookies sont de petits fichiers qui sont t\u00e9l\u00e9charg\u00e9s sur l&rsquo;ordinateur de l&rsquo;utilisateur quand ce dernier acc\u00e8de a des sites web donn\u00e9s. Les cookies permettent, entre autres, \u00e0 un site web de m\u00e9moriser et r\u00e9cup\u00e9rer des informations sur les habitudes de navigation d&rsquo;un utilisateur ou de son ordinateur. En fonction des donn\u00e9es qu&rsquo;il contient et de la mani\u00e8re dont l&rsquo;ordinateur est utilis\u00e9, les cookies peuvent \u00eatre utilis\u00e9s pour reconna\u00eetre un utilisateur.<\/p>\n<h3>De quels cookies se sert ce site web ?<\/h3>\n<p><em>Cookies techniques<\/em><\/p>\n<p>Les cookies de ce groupe permettent \u00e0 l&rsquo;utilisateur de naviguer dans les pages d&rsquo;un site web, d&rsquo;une plateforme ou d&rsquo;une application et d&rsquo;utiliser les diff\u00e9rentes options et services offerts. Ils permettent, par exemple, de contr\u00f4ler le trafic et la communication de donn\u00e9es, d&rsquo;identifier une session, d&rsquo;acc\u00e9der \u00e0 des espaces r\u00e9serv\u00e9s, de m\u00e9moriser les \u00e9l\u00e9ments qui composent une commande, d&rsquo;acheter un produit, de soumettre une demande d&rsquo;inscription ou de participation \u00e0 un \u00e9v\u00e9nement, d&rsquo;utiliser des outils de s\u00e9curit\u00e9 lors de la navigation, de stocker du contenu pour la diffusion de mat\u00e9riel audio et vid\u00e9o ou m\u00eame de partager du contenu via les r\u00e9seaux sociaux.<\/p>\n<p><em>Cookies de personnalisation<\/em><\/p>\n<p>Les cookies de ce groupe permettent \u00e0 l&rsquo;utilisateur d&rsquo;acc\u00e9der au service avec certaines caract\u00e9ristiques g\u00e9n\u00e9rales pr\u00e9d\u00e9finies selon une s\u00e9rie de crit\u00e8res identifi\u00e9s dans le terminal de l&rsquo;utilisateur, tels que la langue, le type de navigateur par lequel on acc\u00e8de au service, la configuration r\u00e9gionale de la zone d&rsquo;o\u00f9 on acc\u00e8de au service, etc&#8230;<\/p>\n<p><em>Cookies analytiques<\/em><\/p>\n<p>Les cookies de ce groupe permettent au sujet qui est en est responsable de surveiller et d&rsquo;analyser le comportement des utilisateurs du site web auquel ces cookies sont li\u00e9s. Les informations recueillies par le biais de ce type de cookies sont utilis\u00e9es pour mesurer l&rsquo;activit\u00e9 du site web, de l&rsquo;application ou de la plateforme en question, et pour \u00e9tablir le profil des utilisateurs en termes de navigation. L&rsquo;objectif est d&rsquo;introduire des am\u00e9liorations de diff\u00e9rentes natures bas\u00e9es sur l&rsquo;analyse des donn\u00e9es concernant l&rsquo;utilisation que les utilisateurs font du service.<\/p>\n<\/div>\n<\/div>\n<\/div>\n<\/div>\n<\/div>\n<\/div>\n<\/div>\n<p>[\/et_pb_text][\/et_pb_column][\/et_pb_row][\/et_pb_section]<\/p>\n","protected":false},"excerpt":{"rendered":"<p>[et_pb_section][et_pb_row][et_pb_column type=\u00a0\u00bb4_4&Prime;][et_pb_text admin_label=\u00a0\u00bbTesto\u00a0\u00bb background_layout=\u00a0\u00bblight\u00a0\u00bb text_orientation=\u00a0\u00bbleft\u00a0\u00bb] Cookies &nbsp; Ce site utilise des cookies pour am\u00e9liorer l&rsquo;exp\u00e9rience de navigation des utilisateurs et pour collecteur des informations sur l&rsquo;utilisation de ce site. Nous utilisons des cookies techniques et des cookies de tiers pour envoyer des messages promotionnels en fonction des comportements des utilisateurs. En poursuivant la navigation, vous [&hellip;]<\/p>\n","protected":false},"author":12,"featured_media":0,"parent":0,"menu_order":0,"comment_status":"closed","ping_status":"closed","template":"","meta":{"ngg_post_thumbnail":0},"yoast_head":"<!-- This site is optimized with the Yoast SEO plugin v15.9.1 - https:\/\/yoast.com\/wordpress\/plugins\/seo\/ -->\n<title>Cookie - AEP Ticketing Solutions<\/title>\n<meta name=\"robots\" content=\"index, follow, max-snippet:-1, max-image-preview:large, max-video-preview:-1\" \/>\n<link rel=\"canonical\" href=\"https:\/\/www.aep-italia.it\/fr\/cookie\/\" \/>\n<meta property=\"og:locale\" content=\"fr_FR\" \/>\n<meta property=\"og:type\" content=\"article\" \/>\n<meta property=\"og:title\" content=\"Cookie - AEP Ticketing Solutions\" \/>\n<meta property=\"og:description\" content=\"[et_pb_section][et_pb_row][et_pb_column type=\u00a0\u00bb4_4&Prime;][et_pb_text admin_label=\u00a0\u00bbTesto\u00a0\u00bb background_layout=\u00a0\u00bblight\u00a0\u00bb text_orientation=\u00a0\u00bbleft\u00a0\u00bb] Cookies &nbsp; Ce site utilise des cookies pour am\u00e9liorer l&rsquo;exp\u00e9rience de navigation des utilisateurs et pour collecteur des informations sur l&rsquo;utilisation de ce site. Nous utilisons des cookies techniques et des cookies de tiers pour envoyer des messages promotionnels en fonction des comportements des utilisateurs. En poursuivant la navigation, vous [&hellip;]\" \/>\n<meta property=\"og:url\" content=\"https:\/\/www.aep-italia.it\/fr\/cookie\/\" \/>\n<meta property=\"og:site_name\" content=\"AEP Ticketing Solutions\" \/>\n<meta property=\"article:modified_time\" content=\"2020-08-28T15:33:46+00:00\" \/>\n<meta name=\"twitter:label1\" content=\"Dur\u00e9e de lecture est.\">\n\t<meta name=\"twitter:data1\" content=\"2 minutes\">\n<script type=\"application\/ld+json\" class=\"yoast-schema-graph\">{\"@context\":\"https:\/\/schema.org\",\"@graph\":[{\"@type\":\"WebSite\",\"@id\":\"https:\/\/www.aep-italia.it\/it\/#website\",\"url\":\"https:\/\/www.aep-italia.it\/it\/\",\"name\":\"AEP Ticketing Solutions\",\"description\":\"Our priority your Mobility\",\"potentialAction\":[{\"@type\":\"SearchAction\",\"target\":\"https:\/\/www.aep-italia.it\/it\/?s={search_term_string}\",\"query-input\":\"required name=search_term_string\"}],\"inLanguage\":\"fr-FR\"},{\"@type\":\"WebPage\",\"@id\":\"https:\/\/www.aep-italia.it\/fr\/cookie\/#webpage\",\"url\":\"https:\/\/www.aep-italia.it\/fr\/cookie\/\",\"name\":\"Cookie - AEP Ticketing Solutions\",\"isPartOf\":{\"@id\":\"https:\/\/www.aep-italia.it\/it\/#website\"},\"datePublished\":\"2015-05-21T13:08:43+00:00\",\"dateModified\":\"2020-08-28T15:33:46+00:00\",\"breadcrumb\":{\"@id\":\"https:\/\/www.aep-italia.it\/fr\/cookie\/#breadcrumb\"},\"inLanguage\":\"fr-FR\",\"potentialAction\":[{\"@type\":\"ReadAction\",\"target\":[\"https:\/\/www.aep-italia.it\/fr\/cookie\/\"]}]},{\"@type\":\"BreadcrumbList\",\"@id\":\"https:\/\/www.aep-italia.it\/fr\/cookie\/#breadcrumb\",\"itemListElement\":[{\"@type\":\"ListItem\",\"position\":1,\"item\":{\"@type\":\"WebPage\",\"@id\":\"https:\/\/www.aep-italia.it\/fr\/\",\"url\":\"https:\/\/www.aep-italia.it\/fr\/\",\"name\":\"Home\"}},{\"@type\":\"ListItem\",\"position\":2,\"item\":{\"@type\":\"WebPage\",\"@id\":\"https:\/\/www.aep-italia.it\/fr\/cookie\/\",\"url\":\"https:\/\/www.aep-italia.it\/fr\/cookie\/\",\"name\":\"Cookie\"}}]}]}<\/script>\n<!-- \/ Yoast SEO plugin. -->","_links":{"self":[{"href":"https:\/\/www.aep-italia.it\/fr\/wp-json\/wp\/v2\/pages\/35460"}],"collection":[{"href":"https:\/\/www.aep-italia.it\/fr\/wp-json\/wp\/v2\/pages"}],"about":[{"href":"https:\/\/www.aep-italia.it\/fr\/wp-json\/wp\/v2\/types\/page"}],"author":[{"embeddable":true,"href":"https:\/\/www.aep-italia.it\/fr\/wp-json\/wp\/v2\/users\/12"}],"replies":[{"embeddable":true,"href":"https:\/\/www.aep-italia.it\/fr\/wp-json\/wp\/v2\/comments?post=35460"}],"version-history":[{"count":3,"href":"https:\/\/www.aep-italia.it\/fr\/wp-json\/wp\/v2\/pages\/35460\/revisions"}],"predecessor-version":[{"id":35467,"href":"https:\/\/www.aep-italia.it\/fr\/wp-json\/wp\/v2\/pages\/35460\/revisions\/35467"}],"wp:attachment":[{"href":"https:\/\/www.aep-italia.it\/fr\/wp-json\/wp\/v2\/media?parent=35460"}],"curies":[{"name":"wp","href":"https:\/\/api.w.org\/{rel}","templated":true}]}}