{"id":41032,"date":"2022-12-13T10:59:07","date_gmt":"2022-12-13T09:59:07","guid":{"rendered":"https:\/\/www.aep-italia.it\/azienda\/we-are-modaxo\/"},"modified":"2025-12-23T12:54:22","modified_gmt":"2025-12-23T11:54:22","slug":"we-are-modaxo","status":"publish","type":"page","link":"https:\/\/www.aep-italia.it\/fr\/we-are-modaxo\/","title":{"rendered":"#WeAreModaxo"},"content":{"rendered":"\n<h2 class=\"has-text-color has-background has-large-font-size\" style=\"background-color:#ffdd00;color:#000659\">#WeAreModaxo<\/h2>\n\n\n\n<p class=\"has-medium-font-size\"><strong>AEP Ticketing solutions fait partie de Modaxo:&nbsp;<\/strong><\/p>\n\n\n\n<p class=\"has-normal-font-size\">We are Modaxo \u2014 un collectif mondial d&rsquo;entreprises technologiques passionn\u00e9es par le d\u00e9placement des personnes \u00e0 travers le monde.&nbsp;<\/p>\n\n\n\n<p class=\"has-text-color has-medium-font-size\" style=\"color:#592c82\"><strong>La famille Modaxo : Nos entreprises &#8211; <a href=\"https:\/\/modaxo.com\/fr\/people-transportation-brands\/\">Voir tout<\/a><\/strong><\/p>\n\n\n\n<p>Modaxo acquiert, renforce et d\u00e9veloppe des entreprises technologiques qui facilitent les d\u00e9placements quotidiens des personnes \u2014 et ne les revend jamais.<br>Les entreprises Modaxo proposent des solutions technologiques qui soutiennent tous les aspects de la mobilit\u00e9 au sein des communaut\u00e9s.<br>Bien que chaque entreprise soit unique, elles partagent une mission commune : aider les gens \u00e0 se d\u00e9placer efficacement et en toute s\u00e9curit\u00e9 dans leur vie quotidienne.<br>Ensemble, nous fournissons des solutions innovantes et centr\u00e9es sur le client, port\u00e9es par des personnes passionn\u00e9es qui comprennent l\u2019importance de la mobilit\u00e9.<br>Nous croyons en une innovation r\u00e9fl\u00e9chie, un travail porteur de sens et une \u00e9volution professionnelle durable.<\/p>\n\n\n\n<div class=\"wp-block-columns\">\n<div class=\"wp-block-column\" style=\"flex-basis:33.33%\"><\/div>\n\n\n\n<div class=\"wp-block-column\" style=\"flex-basis:66.66%\">\n<p class=\"has-text-align-center\"><strong>En chiffres :<\/strong><\/p>\n<\/div>\n<\/div>\n\n\n\n<div class=\"wp-block-columns\">\n<div class=\"wp-block-column\" style=\"flex-basis:33.33%\">\n<figure class=\"wp-block-image size-large\"><a href=\"https:\/\/www.aep-italia.it\/wp-content\/uploads\/2025\/09\/Modaxo-Logo_CMYK.png\"><img loading=\"lazy\" width=\"996\" height=\"341\" src=\"https:\/\/www.aep-italia.it\/wp-content\/uploads\/2025\/09\/Modaxo-Logo_CMYK.png\" alt=\"\" class=\"wp-image-48095\" srcset=\"https:\/\/www.aep-italia.it\/wp-content\/uploads\/2025\/09\/Modaxo-Logo_CMYK.png 996w, https:\/\/www.aep-italia.it\/wp-content\/uploads\/2025\/09\/Modaxo-Logo_CMYK-300x103.png 300w, https:\/\/www.aep-italia.it\/wp-content\/uploads\/2025\/09\/Modaxo-Logo_CMYK-768x263.png 768w\" sizes=\"(max-width: 996px) 100vw, 996px\" \/><\/a><\/figure>\n<\/div>\n\n\n\n<div class=\"wp-block-column\" style=\"flex-basis:66.66%\">\n<figure class=\"wp-block-image size-large\"><a href=\"https:\/\/www.aep-italia.it\/wp-content\/uploads\/2025\/09\/Modaxo-stats.png\"><img loading=\"lazy\" width=\"854\" height=\"255\" src=\"https:\/\/www.aep-italia.it\/wp-content\/uploads\/2025\/09\/Modaxo-stats.png\" alt=\"\" class=\"wp-image-48098\" srcset=\"https:\/\/www.aep-italia.it\/wp-content\/uploads\/2025\/09\/Modaxo-stats.png 854w, https:\/\/www.aep-italia.it\/wp-content\/uploads\/2025\/09\/Modaxo-stats-300x90.png 300w, https:\/\/www.aep-italia.it\/wp-content\/uploads\/2025\/09\/Modaxo-stats-768x229.png 768w\" sizes=\"(max-width: 854px) 100vw, 854px\" \/><\/a><\/figure>\n<\/div>\n<\/div>\n\n\n\n<div class=\"wp-block-media-text alignwide has-media-on-the-right is-stacked-on-mobile\"><figure class=\"wp-block-media-text__media\"><img loading=\"lazy\" width=\"1024\" height=\"683\" src=\"https:\/\/www.aep-italia.it\/wp-content\/uploads\/2025\/09\/Image-option-D-1024x683.jpg\" alt=\"\" class=\"wp-image-48116 size-full\" srcset=\"https:\/\/www.aep-italia.it\/wp-content\/uploads\/2025\/09\/Image-option-D-1024x683.jpg 1024w, https:\/\/www.aep-italia.it\/wp-content\/uploads\/2025\/09\/Image-option-D-300x200.jpg 300w, https:\/\/www.aep-italia.it\/wp-content\/uploads\/2025\/09\/Image-option-D-768x512.jpg 768w, https:\/\/www.aep-italia.it\/wp-content\/uploads\/2025\/09\/Image-option-D-1536x1024.jpg 1536w, https:\/\/www.aep-italia.it\/wp-content\/uploads\/2025\/09\/Image-option-D-2048x1365.jpg 2048w\" sizes=\"(max-width: 1024px) 100vw, 1024px\" \/><\/figure><div class=\"wp-block-media-text__content\">\n<p class=\"has-text-color has-medium-font-size\" style=\"color:#592c82\"><strong>La diff\u00e9rence Modaxo<\/strong><\/p>\n\n\n\n<p>Nous combinons une vision globale et les meilleures pratiques avec une connaissance et une expertise locales approfondies.<br>Nos \u00e9quipes proposent des solutions adapt\u00e9es aux besoins r\u00e9gionaux, soutenues par un r\u00e9seau mondial qui partage les connaissances et stimule l\u2019innovation.<br>Penser globalement, agir localement.<\/p>\n\n\n\n<p class=\"has-text-color has-medium-font-size\" style=\"color:#592c82\"><strong>Modaxo est plus qu\u2019un nom \u2014 c\u2019est une vision.<\/strong><\/p>\n\n\n\n<p>Ensemble, nous connectons les personnes, donnons du pouvoir aux entreprises et fa\u00e7onnons l\u2019avenir de la mobilit\u00e9.<\/p>\n<\/div><\/div>\n\n\n\n<p class=\"has-text-align-center\"><strong>En savoir plus sur<\/strong><\/p>\n\n\n\n<div class=\"wp-block-columns\">\n<div class=\"wp-block-column\" style=\"flex-basis:100%\">\n<div class=\"wp-block-buttons aligncenter\">\n<div class=\"wp-block-button\"><a class=\"wp-block-button__link has-background\" href=\"https:\/\/modaxo.com\/fr\/\" style=\"background-color:#592c82\" target=\"_blank\" rel=\"noreferrer noopener\">modaxo.com<\/a><\/div>\n<\/div>\n<\/div>\n<\/div>\n\n\n\n<p class=\"has-background\" style=\"background-color:#ffdd00\"><\/p>\n","protected":false},"excerpt":{"rendered":"<p>#WeAreModaxo AEP Ticketing solutions fait partie de Modaxo:&nbsp; We are Modaxo \u2014 un collectif mondial d&rsquo;entreprises technologiques passionn\u00e9es par le d\u00e9placement des personnes \u00e0 travers le monde.&nbsp; La famille Modaxo : Nos entreprises &#8211; Voir tout Modaxo acquiert, renforce et d\u00e9veloppe des entreprises technologiques qui facilitent les d\u00e9placements quotidiens des personnes \u2014 et ne les [&hellip;]<\/p>\n","protected":false},"author":13,"featured_media":0,"parent":0,"menu_order":1,"comment_status":"closed","ping_status":"closed","template":"","meta":{"ngg_post_thumbnail":0},"yoast_head":"<!-- This site is optimized with the Yoast SEO plugin v15.9.1 - https:\/\/yoast.com\/wordpress\/plugins\/seo\/ -->\n<title>#WeAreModaxo - AEP Ticketing Solutions<\/title>\n<meta name=\"robots\" content=\"index, follow, max-snippet:-1, max-image-preview:large, max-video-preview:-1\" \/>\n<link rel=\"canonical\" href=\"https:\/\/www.aep-italia.it\/fr\/we-are-modaxo\/\" \/>\n<meta property=\"og:locale\" content=\"fr_FR\" \/>\n<meta property=\"og:type\" content=\"article\" \/>\n<meta property=\"og:title\" content=\"#WeAreModaxo - AEP Ticketing Solutions\" \/>\n<meta property=\"og:description\" content=\"#WeAreModaxo AEP Ticketing solutions fait partie de Modaxo:&nbsp; We are Modaxo \u2014 un collectif mondial d&rsquo;entreprises technologiques passionn\u00e9es par le d\u00e9placement des personnes \u00e0 travers le monde.&nbsp; La famille Modaxo : Nos entreprises &#8211; Voir tout Modaxo acquiert, renforce et d\u00e9veloppe des entreprises technologiques qui facilitent les d\u00e9placements quotidiens des personnes \u2014 et ne les [&hellip;]\" \/>\n<meta property=\"og:url\" content=\"https:\/\/www.aep-italia.it\/fr\/we-are-modaxo\/\" \/>\n<meta property=\"og:site_name\" content=\"AEP Ticketing Solutions\" \/>\n<meta property=\"article:modified_time\" content=\"2025-12-23T11:54:22+00:00\" \/>\n<meta property=\"og:image\" content=\"https:\/\/www.aep-italia.it\/wp-content\/uploads\/2025\/09\/Modaxo-Logo_CMYK.png\" \/>\n<meta name=\"twitter:label1\" content=\"Dur\u00e9e de lecture est.\">\n\t<meta name=\"twitter:data1\" content=\"2 minutes\">\n<script type=\"application\/ld+json\" class=\"yoast-schema-graph\">{\"@context\":\"https:\/\/schema.org\",\"@graph\":[{\"@type\":\"WebSite\",\"@id\":\"https:\/\/www.aep-italia.it\/it\/#website\",\"url\":\"https:\/\/www.aep-italia.it\/it\/\",\"name\":\"AEP Ticketing Solutions\",\"description\":\"Our priority your Mobility\",\"potentialAction\":[{\"@type\":\"SearchAction\",\"target\":\"https:\/\/www.aep-italia.it\/it\/?s={search_term_string}\",\"query-input\":\"required name=search_term_string\"}],\"inLanguage\":\"fr-FR\"},{\"@type\":\"ImageObject\",\"@id\":\"https:\/\/www.aep-italia.it\/fr\/we-are-modaxo\/#primaryimage\",\"inLanguage\":\"fr-FR\",\"url\":\"https:\/\/www.aep-italia.it\/wp-content\/uploads\/2025\/09\/Modaxo-Logo_CMYK.png\",\"width\":996,\"height\":341,\"caption\":\"Modaxo logo\"},{\"@type\":\"WebPage\",\"@id\":\"https:\/\/www.aep-italia.it\/fr\/we-are-modaxo\/#webpage\",\"url\":\"https:\/\/www.aep-italia.it\/fr\/we-are-modaxo\/\",\"name\":\"#WeAreModaxo - AEP Ticketing Solutions\",\"isPartOf\":{\"@id\":\"https:\/\/www.aep-italia.it\/it\/#website\"},\"primaryImageOfPage\":{\"@id\":\"https:\/\/www.aep-italia.it\/fr\/we-are-modaxo\/#primaryimage\"},\"datePublished\":\"2022-12-13T09:59:07+00:00\",\"dateModified\":\"2025-12-23T11:54:22+00:00\",\"breadcrumb\":{\"@id\":\"https:\/\/www.aep-italia.it\/fr\/we-are-modaxo\/#breadcrumb\"},\"inLanguage\":\"fr-FR\",\"potentialAction\":[{\"@type\":\"ReadAction\",\"target\":[\"https:\/\/www.aep-italia.it\/fr\/we-are-modaxo\/\"]}]},{\"@type\":\"BreadcrumbList\",\"@id\":\"https:\/\/www.aep-italia.it\/fr\/we-are-modaxo\/#breadcrumb\",\"itemListElement\":[{\"@type\":\"ListItem\",\"position\":1,\"item\":{\"@type\":\"WebPage\",\"@id\":\"https:\/\/www.aep-italia.it\/fr\/\",\"url\":\"https:\/\/www.aep-italia.it\/fr\/\",\"name\":\"Home\"}},{\"@type\":\"ListItem\",\"position\":2,\"item\":{\"@type\":\"WebPage\",\"@id\":\"https:\/\/www.aep-italia.it\/fr\/we-are-modaxo\/\",\"url\":\"https:\/\/www.aep-italia.it\/fr\/we-are-modaxo\/\",\"name\":\"#WeAreModaxo\"}}]}]}<\/script>\n<!-- \/ Yoast SEO plugin. -->","_links":{"self":[{"href":"https:\/\/www.aep-italia.it\/fr\/wp-json\/wp\/v2\/pages\/41032"}],"collection":[{"href":"https:\/\/www.aep-italia.it\/fr\/wp-json\/wp\/v2\/pages"}],"about":[{"href":"https:\/\/www.aep-italia.it\/fr\/wp-json\/wp\/v2\/types\/page"}],"author":[{"embeddable":true,"href":"https:\/\/www.aep-italia.it\/fr\/wp-json\/wp\/v2\/users\/13"}],"replies":[{"embeddable":true,"href":"https:\/\/www.aep-italia.it\/fr\/wp-json\/wp\/v2\/comments?post=41032"}],"version-history":[{"count":6,"href":"https:\/\/www.aep-italia.it\/fr\/wp-json\/wp\/v2\/pages\/41032\/revisions"}],"predecessor-version":[{"id":48510,"href":"https:\/\/www.aep-italia.it\/fr\/wp-json\/wp\/v2\/pages\/41032\/revisions\/48510"}],"wp:attachment":[{"href":"https:\/\/www.aep-italia.it\/fr\/wp-json\/wp\/v2\/media?parent=41032"}],"curies":[{"name":"wp","href":"https:\/\/api.w.org\/{rel}","templated":true}]}}