{"id":48086,"date":"2025-09-23T11:04:53","date_gmt":"2025-09-23T10:04:53","guid":{"rendered":"https:\/\/www.aep-italia.it\/?page_id=48086"},"modified":"2025-09-23T11:04:54","modified_gmt":"2025-09-23T10:04:54","slug":"v8-petit-seulement-en-taille-2","status":"publish","type":"page","link":"https:\/\/www.aep-italia.it\/fr\/v8-petit-seulement-en-taille-2\/","title":{"rendered":"V8&#8230;PETIT SEULEMENT EN TAILLE"},"content":{"rendered":"\n<p>Haute qualit\u00e9, souci du d\u00e9tail, haute performance !!<br>Voici le V8, le nouveau validateur AEP !<\/p>\n\n\n\n<figure class=\"wp-block-gallery columns-3 is-cropped\"><ul class=\"blocks-gallery-grid\"><li class=\"blocks-gallery-item\"><figure><a href=\"https:\/\/www.aep-italia.it\/wp-content\/uploads\/2025\/07\/V8_viola.png\"><img loading=\"lazy\" width=\"1024\" height=\"576\" src=\"https:\/\/www.aep-italia.it\/wp-content\/uploads\/2025\/07\/V8_viola-1024x576.png\" alt=\"\" data-id=\"45164\" data-full-url=\"https:\/\/www.aep-italia.it\/wp-content\/uploads\/2025\/07\/V8_viola.png\" data-link=\"https:\/\/www.aep-italia.it\/fr\/v8_viola-2\/\" class=\"wp-image-45164\" srcset=\"https:\/\/www.aep-italia.it\/wp-content\/uploads\/2025\/07\/V8_viola-1024x576.png 1024w, https:\/\/www.aep-italia.it\/wp-content\/uploads\/2025\/07\/V8_viola-300x169.png 300w, https:\/\/www.aep-italia.it\/wp-content\/uploads\/2025\/07\/V8_viola-768x432.png 768w, https:\/\/www.aep-italia.it\/wp-content\/uploads\/2025\/07\/V8_viola-1536x864.png 1536w, https:\/\/www.aep-italia.it\/wp-content\/uploads\/2025\/07\/V8_viola-2048x1152.png 2048w\" sizes=\"(max-width: 1024px) 100vw, 1024px\" \/><\/a><\/figure><\/li><li class=\"blocks-gallery-item\"><figure><a href=\"https:\/\/www.aep-italia.it\/wp-content\/uploads\/2025\/06\/V8_sotto_4.png\"><img loading=\"lazy\" width=\"1024\" height=\"576\" src=\"https:\/\/www.aep-italia.it\/wp-content\/uploads\/2025\/06\/V8_sotto_4-1024x576.png\" alt=\"\" data-id=\"45094\" data-full-url=\"https:\/\/www.aep-italia.it\/wp-content\/uploads\/2025\/06\/V8_sotto_4.png\" data-link=\"https:\/\/www.aep-italia.it\/fr\/v8_sotto_4-2\/\" class=\"wp-image-45094\" srcset=\"https:\/\/www.aep-italia.it\/wp-content\/uploads\/2025\/06\/V8_sotto_4-1024x576.png 1024w, https:\/\/www.aep-italia.it\/wp-content\/uploads\/2025\/06\/V8_sotto_4-300x169.png 300w, https:\/\/www.aep-italia.it\/wp-content\/uploads\/2025\/06\/V8_sotto_4-768x432.png 768w, https:\/\/www.aep-italia.it\/wp-content\/uploads\/2025\/06\/V8_sotto_4-1536x864.png 1536w, https:\/\/www.aep-italia.it\/wp-content\/uploads\/2025\/06\/V8_sotto_4.png 1920w\" sizes=\"(max-width: 1024px) 100vw, 1024px\" \/><\/a><\/figure><\/li><li class=\"blocks-gallery-item\"><figure><a href=\"https:\/\/www.aep-italia.it\/wp-content\/uploads\/2025\/06\/V8_retro_4.png\"><img loading=\"lazy\" width=\"1024\" height=\"576\" src=\"https:\/\/www.aep-italia.it\/wp-content\/uploads\/2025\/06\/V8_retro_4-1024x576.png\" alt=\"\" data-id=\"45091\" data-full-url=\"https:\/\/www.aep-italia.it\/wp-content\/uploads\/2025\/06\/V8_retro_4.png\" data-link=\"https:\/\/www.aep-italia.it\/fr\/v8_retro_4-2\/\" class=\"wp-image-45091\" srcset=\"https:\/\/www.aep-italia.it\/wp-content\/uploads\/2025\/06\/V8_retro_4-1024x576.png 1024w, https:\/\/www.aep-italia.it\/wp-content\/uploads\/2025\/06\/V8_retro_4-300x169.png 300w, https:\/\/www.aep-italia.it\/wp-content\/uploads\/2025\/06\/V8_retro_4-768x432.png 768w, https:\/\/www.aep-italia.it\/wp-content\/uploads\/2025\/06\/V8_retro_4-1536x864.png 1536w, https:\/\/www.aep-italia.it\/wp-content\/uploads\/2025\/06\/V8_retro_4.png 1920w\" sizes=\"(max-width: 1024px) 100vw, 1024px\" \/><\/a><\/figure><\/li><li class=\"blocks-gallery-item\"><figure><a href=\"https:\/\/www.aep-italia.it\/wp-content\/uploads\/2025\/06\/V8_lato-dx_22.png\"><img loading=\"lazy\" width=\"1024\" height=\"576\" src=\"https:\/\/www.aep-italia.it\/wp-content\/uploads\/2025\/06\/V8_lato-dx_22-1024x576.png\" alt=\"\" data-id=\"45088\" data-full-url=\"https:\/\/www.aep-italia.it\/wp-content\/uploads\/2025\/06\/V8_lato-dx_22.png\" data-link=\"https:\/\/www.aep-italia.it\/fr\/v8_lato-dx_22-2\/\" class=\"wp-image-45088\" srcset=\"https:\/\/www.aep-italia.it\/wp-content\/uploads\/2025\/06\/V8_lato-dx_22-1024x576.png 1024w, https:\/\/www.aep-italia.it\/wp-content\/uploads\/2025\/06\/V8_lato-dx_22-300x169.png 300w, https:\/\/www.aep-italia.it\/wp-content\/uploads\/2025\/06\/V8_lato-dx_22-768x432.png 768w, https:\/\/www.aep-italia.it\/wp-content\/uploads\/2025\/06\/V8_lato-dx_22-1536x864.png 1536w, https:\/\/www.aep-italia.it\/wp-content\/uploads\/2025\/06\/V8_lato-dx_22.png 1920w\" sizes=\"(max-width: 1024px) 100vw, 1024px\" \/><\/a><\/figure><\/li><li class=\"blocks-gallery-item\"><figure><a href=\"https:\/\/www.aep-italia.it\/wp-content\/uploads\/2025\/06\/V8_lato-dx_20.png\"><img loading=\"lazy\" width=\"1024\" height=\"576\" src=\"https:\/\/www.aep-italia.it\/wp-content\/uploads\/2025\/06\/V8_lato-dx_20-1024x576.png\" alt=\"\" data-id=\"45085\" data-full-url=\"https:\/\/www.aep-italia.it\/wp-content\/uploads\/2025\/06\/V8_lato-dx_20.png\" data-link=\"https:\/\/www.aep-italia.it\/fr\/v8_lato-dx_20-2\/\" class=\"wp-image-45085\" srcset=\"https:\/\/www.aep-italia.it\/wp-content\/uploads\/2025\/06\/V8_lato-dx_20-1024x576.png 1024w, https:\/\/www.aep-italia.it\/wp-content\/uploads\/2025\/06\/V8_lato-dx_20-300x169.png 300w, https:\/\/www.aep-italia.it\/wp-content\/uploads\/2025\/06\/V8_lato-dx_20-768x432.png 768w, https:\/\/www.aep-italia.it\/wp-content\/uploads\/2025\/06\/V8_lato-dx_20-1536x864.png 1536w, https:\/\/www.aep-italia.it\/wp-content\/uploads\/2025\/06\/V8_lato-dx_20.png 1920w\" sizes=\"(max-width: 1024px) 100vw, 1024px\" \/><\/a><\/figure><\/li><li class=\"blocks-gallery-item\"><figure><a href=\"https:\/\/www.aep-italia.it\/wp-content\/uploads\/2025\/06\/render_front-4k.png\"><img loading=\"lazy\" width=\"1024\" height=\"576\" src=\"https:\/\/www.aep-italia.it\/wp-content\/uploads\/2025\/06\/render_front-4k-1024x576.png\" alt=\"\" data-id=\"45079\" data-full-url=\"https:\/\/www.aep-italia.it\/wp-content\/uploads\/2025\/06\/render_front-4k.png\" data-link=\"https:\/\/www.aep-italia.it\/fr\/render_front-4k-2\/\" class=\"wp-image-45079\" srcset=\"https:\/\/www.aep-italia.it\/wp-content\/uploads\/2025\/06\/render_front-4k-1024x576.png 1024w, https:\/\/www.aep-italia.it\/wp-content\/uploads\/2025\/06\/render_front-4k-300x169.png 300w, https:\/\/www.aep-italia.it\/wp-content\/uploads\/2025\/06\/render_front-4k-768x432.png 768w, https:\/\/www.aep-italia.it\/wp-content\/uploads\/2025\/06\/render_front-4k-1536x864.png 1536w, https:\/\/www.aep-italia.it\/wp-content\/uploads\/2025\/06\/render_front-4k-2048x1152.png 2048w\" sizes=\"(max-width: 1024px) 100vw, 1024px\" \/><\/a><\/figure><\/li><\/ul><\/figure>\n\n\n\n<p><strong>V8<\/strong> int\u00e8gre de nouvelles technologies et des mat\u00e9riaux de construction de derni\u00e8re g\u00e9n\u00e9ration, pour cr\u00e9er un valideur qui, en <strong>19,7 cm<\/strong> (le plus petit jamais con\u00e7u par AEP), garantit les <strong>performances du haut de gamme<\/strong>. Il a un <strong>design raffin\u00e9<\/strong> tout en conservant les caract\u00e9ristiques de <strong>robustesse et de fiabilit\u00e9<\/strong>, un point distinctif des produits AEP. Nous avons innov\u00e9 dans la m\u00e9canique en introduisant un <strong>verre tremp\u00e9 \u00e0 tr\u00e8s haute r\u00e9sistance, un \u00e9cran HD MIPI IPS avec un format sp\u00e9cifique de 4\u201d<\/strong> et une technologie tactile capacitive cr\u00e9\u00e9e avec un nouveau processus de production.&nbsp;<strong>Connectivit\u00e9&nbsp;IPxPT<\/strong>.<\/p>\n\n\n\n<p><strong><sup>INSTALLATION FACILE<\/sup><\/strong><br>Le nouveau support d\u2019installation simplifie les op\u00e9rations de mise en service de l\u2019\u00e9quipement, avec l\u2019introduction de mesures de construction pour r\u00e9duire l\u2019erreur humaine lors des op\u00e9rations d\u2019installation et de c\u00e2blage.<\/p>\n\n\n\n<p><strong><sup>VALIDATION MULTIPLE<\/sup><\/strong><br><strong>V8<\/strong> permet de valider les cartes transport, les cartes bancaires (lecteur <strong>EMV<\/strong>), les titres CB2D (lecteur de <strong>QR-Code<\/strong>), sur supports physiques ou d\u00e9mat\u00e9rialis\u00e9s, le r\u00e9sultat de la validation \u00e9tant signal\u00e9 via des LED intelligentes, bien visibles par l\u2019utilisateur.<\/p>\n","protected":false},"excerpt":{"rendered":"<p>Haute qualit\u00e9, souci du d\u00e9tail, haute performance !!Voici le V8, le nouveau validateur AEP ! V8 int\u00e8gre de nouvelles technologies et des mat\u00e9riaux de construction de derni\u00e8re g\u00e9n\u00e9ration, pour cr\u00e9er un valideur qui, en 19,7 cm (le plus petit jamais con\u00e7u par AEP), garantit les performances du haut de gamme. Il a un design raffin\u00e9 [&hellip;]<\/p>\n","protected":false},"author":13,"featured_media":0,"parent":0,"menu_order":0,"comment_status":"closed","ping_status":"closed","template":"","meta":{"ngg_post_thumbnail":0},"yoast_head":"<!-- This site is optimized with the Yoast SEO plugin v15.9.1 - https:\/\/yoast.com\/wordpress\/plugins\/seo\/ -->\n<title>V8...PETIT SEULEMENT EN TAILLE - AEP Ticketing Solutions<\/title>\n<meta name=\"robots\" content=\"index, follow, max-snippet:-1, max-image-preview:large, max-video-preview:-1\" \/>\n<link rel=\"canonical\" href=\"https:\/\/www.aep-italia.it\/fr\/v8-petit-seulement-en-taille-2\/\" \/>\n<meta property=\"og:locale\" content=\"fr_FR\" \/>\n<meta property=\"og:type\" content=\"article\" \/>\n<meta property=\"og:title\" content=\"V8...PETIT SEULEMENT EN TAILLE - AEP Ticketing Solutions\" \/>\n<meta property=\"og:description\" content=\"Haute qualit\u00e9, souci du d\u00e9tail, haute performance !!Voici le V8, le nouveau validateur AEP ! V8 int\u00e8gre de nouvelles technologies et des mat\u00e9riaux de construction de derni\u00e8re g\u00e9n\u00e9ration, pour cr\u00e9er un valideur qui, en 19,7 cm (le plus petit jamais con\u00e7u par AEP), garantit les performances du haut de gamme. Il a un design raffin\u00e9 [&hellip;]\" \/>\n<meta property=\"og:url\" content=\"https:\/\/www.aep-italia.it\/fr\/v8-petit-seulement-en-taille-2\/\" \/>\n<meta property=\"og:site_name\" content=\"AEP Ticketing Solutions\" \/>\n<meta property=\"article:modified_time\" content=\"2025-09-23T10:04:54+00:00\" \/>\n<meta property=\"og:image\" content=\"https:\/\/www.aep-italia.it\/wp-content\/uploads\/2025\/07\/V8_viola-1024x576.png\" \/>\n<meta name=\"twitter:label1\" content=\"Dur\u00e9e de lecture est.\">\n\t<meta name=\"twitter:data1\" content=\"2 minutes\">\n<script type=\"application\/ld+json\" class=\"yoast-schema-graph\">{\"@context\":\"https:\/\/schema.org\",\"@graph\":[{\"@type\":\"WebSite\",\"@id\":\"https:\/\/www.aep-italia.it\/it\/#website\",\"url\":\"https:\/\/www.aep-italia.it\/it\/\",\"name\":\"AEP Ticketing Solutions\",\"description\":\"Our priority your Mobility\",\"potentialAction\":[{\"@type\":\"SearchAction\",\"target\":\"https:\/\/www.aep-italia.it\/it\/?s={search_term_string}\",\"query-input\":\"required name=search_term_string\"}],\"inLanguage\":\"fr-FR\"},{\"@type\":\"ImageObject\",\"@id\":\"https:\/\/www.aep-italia.it\/fr\/v8-petit-seulement-en-taille-2\/#primaryimage\",\"inLanguage\":\"fr-FR\",\"url\":\"https:\/\/www.aep-italia.it\/wp-content\/uploads\/2025\/07\/V8_viola.png\",\"width\":5333,\"height\":3000},{\"@type\":\"WebPage\",\"@id\":\"https:\/\/www.aep-italia.it\/fr\/v8-petit-seulement-en-taille-2\/#webpage\",\"url\":\"https:\/\/www.aep-italia.it\/fr\/v8-petit-seulement-en-taille-2\/\",\"name\":\"V8...PETIT SEULEMENT EN TAILLE - AEP Ticketing Solutions\",\"isPartOf\":{\"@id\":\"https:\/\/www.aep-italia.it\/it\/#website\"},\"primaryImageOfPage\":{\"@id\":\"https:\/\/www.aep-italia.it\/fr\/v8-petit-seulement-en-taille-2\/#primaryimage\"},\"datePublished\":\"2025-09-23T10:04:53+00:00\",\"dateModified\":\"2025-09-23T10:04:54+00:00\",\"breadcrumb\":{\"@id\":\"https:\/\/www.aep-italia.it\/fr\/v8-petit-seulement-en-taille-2\/#breadcrumb\"},\"inLanguage\":\"fr-FR\",\"potentialAction\":[{\"@type\":\"ReadAction\",\"target\":[\"https:\/\/www.aep-italia.it\/fr\/v8-petit-seulement-en-taille-2\/\"]}]},{\"@type\":\"BreadcrumbList\",\"@id\":\"https:\/\/www.aep-italia.it\/fr\/v8-petit-seulement-en-taille-2\/#breadcrumb\",\"itemListElement\":[{\"@type\":\"ListItem\",\"position\":1,\"item\":{\"@type\":\"WebPage\",\"@id\":\"https:\/\/www.aep-italia.it\/fr\/\",\"url\":\"https:\/\/www.aep-italia.it\/fr\/\",\"name\":\"Home\"}},{\"@type\":\"ListItem\",\"position\":2,\"item\":{\"@type\":\"WebPage\",\"@id\":\"https:\/\/www.aep-italia.it\/fr\/v8-petit-seulement-en-taille-2\/\",\"url\":\"https:\/\/www.aep-italia.it\/fr\/v8-petit-seulement-en-taille-2\/\",\"name\":\"V8&#8230;PETIT SEULEMENT EN TAILLE\"}}]}]}<\/script>\n<!-- \/ Yoast SEO plugin. -->","_links":{"self":[{"href":"https:\/\/www.aep-italia.it\/fr\/wp-json\/wp\/v2\/pages\/48086"}],"collection":[{"href":"https:\/\/www.aep-italia.it\/fr\/wp-json\/wp\/v2\/pages"}],"about":[{"href":"https:\/\/www.aep-italia.it\/fr\/wp-json\/wp\/v2\/types\/page"}],"author":[{"embeddable":true,"href":"https:\/\/www.aep-italia.it\/fr\/wp-json\/wp\/v2\/users\/13"}],"replies":[{"embeddable":true,"href":"https:\/\/www.aep-italia.it\/fr\/wp-json\/wp\/v2\/comments?post=48086"}],"version-history":[{"count":1,"href":"https:\/\/www.aep-italia.it\/fr\/wp-json\/wp\/v2\/pages\/48086\/revisions"}],"predecessor-version":[{"id":48087,"href":"https:\/\/www.aep-italia.it\/fr\/wp-json\/wp\/v2\/pages\/48086\/revisions\/48087"}],"wp:attachment":[{"href":"https:\/\/www.aep-italia.it\/fr\/wp-json\/wp\/v2\/media?parent=48086"}],"curies":[{"name":"wp","href":"https:\/\/api.w.org\/{rel}","templated":true}]}}