{"id":28042,"date":"2015-05-21T14:08:43","date_gmt":"2015-05-21T13:08:43","guid":{"rendered":"\/?page_id=28042"},"modified":"2026-03-24T19:24:41","modified_gmt":"2026-03-24T18:24:41","slug":"cookie","status":"publish","type":"page","link":"https:\/\/www.aep-italia.it\/it\/cookie\/","title":{"rendered":"Cookie"},"content":{"rendered":"<div class=\"bg_parallax \">\n<div class=\"\">\n<div class=\"vc_row wpb_row vc_row-fluid\">\n<div class=\"vc_col-sm-12 wpb_column vc_column_container \">\n<div class=\"wpb_wrapper\">\n<div class=\"section-title  center\" style=\"text-align: center; color: #00937a;\">&nbsp;<\/div>\n<div class=\"wpb_text_column wpb_content_element \">\n<div class=\"wpb_wrapper\">\n<p>AEP Ticketing Solutions srl, con sede: Via dei Colli 240 &#8211; 50058 Signa (FI), CF. 03504280482 &#8211; P.IVA 03504280482, nella qualit\u00e0 di Titolare del trattamento dei Suoi dati personali, ai sensi e per gli effetti del Reg.to UE2016\/679 di seguito &#8216;GDPR&#8217;, dichiara che il trattamento dei Suoi dati sar\u00e0 improntato ai principi di correttezza, liceit\u00e0, trasparenza e di tutela della Sua riservatezza e dei Suoi diritti.<\/p>\n<p>&nbsp;<\/p>\n<p>La presente informativa descrive i diversi tipi di Cookie utilizzati, le relative finalit\u00e0, la durata della conservazione dei dati personali cos\u00ec raccolti, nonch\u00e9 le modalit\u00e0 per controllare l\u2019installazione di tali Cookie.<\/p>\n<p>&nbsp;<\/p>\n<p><strong>I COOKIE DEFINIZIONE E TIPOLOGIE<\/strong><\/p>\n<p>I cookie sono stringhe di testo di piccole dimensioni che i siti web visitati dall\u2019utente inviano al browser del suo device (PC, Notebook, Smartphone, Tablet, ecc..), dove vengono memorizzati per essere poi ritrasmessi agli stessi siti alla successiva visita del medesimo utente.<\/p>\n<p>&nbsp;<\/p>\n<p>Questo sito web pu\u00f2 utilizzare, anche in combinazione tra di loro i seguenti tipi di cookie classificati in base alle indicazioni del Garante Privacy e dei Pareri emessi in ambito Europeo dal Gruppo di Lavoro ex art. 29 del GDPR:<\/p>\n<p>&nbsp;<\/p>\n<ul>\n<li><strong>Sessione,<\/strong>sono i cookie che non vengono memorizzati in modo persistente sul computer dell&#8217;utente e si cancellano con la chiusura del browser, sono strettamente limitati alla trasmissione di identificativi di sessione necessari per consentire l&#8217;esplorazione sicura ed efficiente del sito evitando il ricorso ad altre tecniche informatiche potenzialmente pregiudizievoli per la riservatezza della navigazione degli utenti.<\/li>\n<li><strong>Persistenti,<\/strong>sono i cookie che rimangono memorizzati sul dispositivo dell\u2019utente fino alla loro scadenza o cancellazione da parte degli utenti\/visitatori. Tramite i cookie persistenti i visitatori che accedono al sito (o eventuali altri utenti che impiegano il medesimo computer) vengono automaticamente riconosciuti a ogni visita. I visitatori possono impostare il browser del computer in modo tale che accetti\/rifiuti tutti i cookie o visualizzi un avviso ogni qual volta viene proposto un cookie, per poter valutare se accettarlo o meno. L&#8217;utente pu\u00f2, comunque, modificare la configurazione predefinita e disabilitare i cookie (cio\u00e8 bloccarli in via definitiva), impostando il livello di protezione pi\u00f9 elevato.<\/li>\n<li><strong>Tecnici\/funzionali,<\/strong>sono i cookie utilizzati per autenticarsi, per usufruire di contenuti o per consentire la scelta della lingua di navigazione. In generale non \u00e8 quindi necessario acquisire il consenso preventivo e informato dell&#8217;utente. Rientrano in questa fattispecie anche i cookie utilizzati per analizzare statisticamente gli accessi\/le visite al sito solo se utilizzati esclusivamente per scopi statistici e tramite la raccolta di informazioni in forma aggregata.<\/li>\n<li><strong>Non tecnici,<\/strong>sono tutti i cookie usati per finalit\u00e0 di profilazione e marketing. Il loro utilizzo sui terminali degli utenti \u00e8 vietato se questi non siano stati prima adeguatamente informati e non abbiano prestato al riguardo un valido consenso secondo la tecnica dell&#8217;opt-in.<\/li>\n<li><strong>Analitycs<\/strong>. sono i cookie utilizzati per raccogliere e analizzare informazioni statistiche sugli accessi\/le visite al sito web.<\/li>\n<\/ul>\n<p>&nbsp;<\/p>\n<p>questo sito web utilizza i seguenti cookie<\/p>\n<\/div>\n<\/div>\n<\/div>\n<\/div>\n<\/div>\n<\/div>\n<\/div>\n\n\n<figure class=\"wp-block-table is-style-stripes\"><table><tbody><tr><td>Cookie<\/td><td>Domain<\/td><td>Tipo<\/td><td>Descrizione<\/td><td>Durata<\/td><\/tr><tr><td>_icl_visitor_lang_js<\/td><td><a href=\"http:\/\/www.aep-italia.it\/\">www.aep-italia.it<\/a><\/td><td>Funzionale<\/td><td>Questo cookie \u00e8 memorizzato dal plugin WPML WordPress. Lo scopo del cookie \u00e8 quello di memorizzare la lingua reindirizzata<\/td><td>1 giorno<\/td><\/tr><tr><td>cookielawinfo-checkbox-necessary<\/td><td><a href=\"http:\/\/www.aep-italia.it\">www.aep-italia.it<\/a><\/td><td>Necessario\/persistente<\/td><td>Il cookie Impostato dal plugin GDPR Cookie Consent, questo cookie viene utilizzato per registrare il consenso dell&#8217;utente per i cookie nella categoria &#8220;Necessari&#8221;<\/td><td>1 anno<\/td><\/tr><tr><td>cookielawinfo-checkbox-non-necessary<\/td><td><a href=\"http:\/\/www.aep-italia.it\">www.aep-italia.it<\/a><\/td><td>Necessario\/persistente<\/td><td>Impostato dal plugin GDPR Cookie Consent, questo cookie viene utilizzato per registrare il consenso dell&#8217;utente per i cookie nella categoria &#8220;Non necessari&#8221;<\/td><td>1 anno<\/td><\/tr><tr><td>wpml_browser_redirect_test<\/td><td><a href=\"http:\/\/www.aep-italia.it\">www.aep-italia.it<\/a><\/td><td>Necessario\/non persistente<\/td><td>Questo cookie \u00e8 impostato dal plug-in WPML WordPress e viene utilizzato per verificare se i cookie sono abilitati nel browser<\/td><td>sessione<\/td><\/tr><tr><td>wp-wpml_current_language<\/td><td><a href=\"http:\/\/www.aep-italia.it\">www.aep-italia.it<\/a><\/td><td>funzionale<\/td><td>Utilizzato dal plugin WPML di Worpress per registrare la lingua di visualizzazione<\/td><td>1 giorno<\/td><\/tr><tr><td>CookieLawInfoConsent<\/td><td><a href=\"http:\/\/www.aep-italia.it\">www.aep-italia.it<\/a><\/td><td>Necessario\/persistente<\/td><td>Il cookie \u00e8 utilizzato per memorizzare il riepilogo del consenso prestato per l&#8217;utilizzo del cookie. Non memorizza alcun dato personale<\/td><td>1 anno<\/td><\/tr><tr><td>viewed_cookie_policy<\/td><td><a href=\"http:\/\/www.aep-italia.it\">www.aep-italia.it<\/a><\/td><td>Necessario\/persistente<\/td><td>Memorizza il consenso da parte dell\u2019utente dell\u2019accettazione dei cookies che avviene dopo aver cliccato su \u201cAccetto\u201d nel banner di informativa breve<\/td><td>1 anno<\/td><\/tr><tr><td>wordpress_logged_in_*<\/td><td><a href=\"http:\/\/www.aep-italia.it\">www.aep-italia.it<\/a><\/td><td>Funzionale<\/td><td>Cookie di WordPress per memorizzare l&#8217;utente che ha effettuato l&#8217;accesso<\/td><td>sessione<\/td><\/tr><tr><td>wordpress_sec_*<\/td><td><a href=\"http:\/\/www.aep-italia.it\">www.aep-italia.it<\/a><\/td><td>Funzionale<\/td><td>Cookie di WordPress per fornire protezione contro gli hacker, usato per memorizzare i dettagli dell&#8217;account<\/td><td>sessione<\/td><\/tr><\/tbody><\/table><\/figure>\n\n\n\n<p><strong>FINALIT\u00c0, BASE GIURIDICA DEL TRATTAMENTO E CATEGORIA DI DATI TRATTATI<\/strong><\/p>\n\n\n\n<p>Il Titolare del trattamento dati tratter\u00e0 i dati personali ricavati dai Cookie tecnici al solo fine di consentire la navigazione dell\u2019utente nonch\u00e8 la possibilit\u00e0 di fruire dei relativi servizi presenti sul Sito.&nbsp; \u00c8 possibile impostare il browser per bloccare questi Cookie, ma, come conseguenza, alcune parti del Sito potrebbero non funzionare adeguatamente.<\/p>\n\n\n\n<p>Con riferimento ai Cookie analytics utilizzati, gli stessi non consentono l\u2019identificazione dell\u2019utente, ma esclusivamente l\u2019elaborazione di statistiche aggregate. La base giuridica che legittima tali trattamenti \u00e8 il consenso, che l\u2019utente che accede al Sito, in qualit\u00e0 di Interessato, \u00e8 libero di prestare o meno e che pu\u00f2, comunque, revocare in qualsiasi momento.<\/p>\n\n\n\n<p><strong>GESTIONE E CANCELLAZIONE DEI COOKIE MEDIANTE CONFIGURAZIONE DEL BROWSER UTILIZZATO<\/strong><\/p>\n\n\n\n<p>Il Titolare del trattamento dati informa che, in aggiunta a quanto sopra esposto, l\u2019utente che accede al Sito potr\u00e0 manifestare o modificare le proprie scelte e opzioni sui Cookie sia operativamente sia mediante le ulteriori impostazioni del browser utilizzato nel proprio device.<\/p>\n\n\n\n<p>L\u2019utente potr\u00e0 in ogni momento cancellare o disabilitare direttamente qualunque Cookie attraverso le previste funzioni e le impostazioni del browser utilizzato nel suo PC, Notebook, Smartphone o Tablet.<\/p>\n\n\n\n<p>Si pone in evidenza che le opzioni effettuate attraverso le impostazioni del browser avranno effetto solo dal primo collegamento dell\u2019utente al Sito effettuato successivamente alla modifica di tali impostazioni, in relazione alle scelte operate direttamente in tale Sito.<\/p>\n\n\n\n<p>Si rimanda alle informazioni e alle procedure operative da eseguire per configurare le impostazioni, fornite dal fornitore del browser utilizzato dall\u2019utente.<\/p>\n\n\n\n<p><strong>REVOCA O MODIFICA DEL CONSENSO ALL\u2019INSTALLAZIONE DEI COOKIE<\/strong><\/p>\n\n\n\n<p>Il Titolare del trattamento dati informa che&nbsp;l\u2019utente che accede al Sito&nbsp;potr\u00e0 modificare la sua scelta in merito alla memorizzazione dei Cookie in qualsiasi momento,&nbsp;accedendo alla sezione del sito&nbsp;\u201cInformativa Cookie\u201d.<\/p>\n\n\n\n<p><strong>MODALIT\u00c0 DEL TRATTAMENTO:<\/strong><\/p>\n\n\n\n<p>Ogni trattamento avviene nel rispetto delle modalit\u00e0 di cui agli artt. 6, 32 del GDPR e mediante l&#8217;adozione delle adeguate misure di sicurezza previste. I suoi dati personali potranno essere trattati nei seguenti modi:<\/p>\n\n\n\n<ul><li>affidamento a terzi di operazioni di elaborazione;<\/li><li>trattamento a mezzo di calcolatori elettronici;<\/li><\/ul>\n\n\n\n<p><strong>CATEGORIE DI SOGGETTI AUTORIZZATI AL TRATTAMENTO DATI<\/strong>:<em> <\/em>I suoi dati saranno trattati unicamente da personale espressamente autorizzato dal Titolare e, in particolare, dalle seguenti categorie di addetti:<\/p>\n\n\n\n<ul><li>personale amministrativo incaricato (ES. dipendenti, collaboratori e assimilati).<\/li><\/ul>\n\n\n\n<p><strong>COMUNICAZIONE:<\/strong> I suoi dati potranno essere comunicati a soggetti esterni per una corretta gestione del rapporto e in particolare alle seguenti categorie di destinatari che agiranno in qualit\u00e0 di autonomi titolari di trattamento o, se del caso, di Responsabili del Trattamento debitamente nominati:<\/p>\n\n\n\n<ul><li>incaricati esterni della comunicazione aziendale per campagne di AEP verso le persone che si sono registrate e hanno dichiaratamente indicato interesse verso le novit\u00e0 e le comunicazioni dell\u2019Azienda;<\/li><li>a quei soggetti (es. autorit\u00e0 amministrative, giudiziarie, di vigilanza e di controllo) cui tale comunicazione debba essere effettuata in adempimento di un obbligo previsto dalla legge, da un regolamento o dalla normativa comunitaria.<\/li><\/ul>\n\n\n\n<p><strong>DIFFUSIONE<\/strong><em>: <\/em>I suoi dati personali non verranno diffusi in alcun modo.<\/p>\n\n\n\n<p><strong>TRASFERIMENTO DATI EXTRA UE<\/strong><em>: <\/em>I suoi dati personali potranno inoltre essere trasferiti, limitatamente alle finalit\u00e0 sopra riportate, nei seguenti stati:<\/p>\n\n\n\n<ul><li>paesi UE;<\/li><li>stati extra UE con garanzie adeguate (artt. 46-47 GDPR);<\/li><li>stati sicuri extra UE.<\/li><\/ul>\n\n\n\n<p><strong>PROCESSO DECISIONALE AUTOMATIZZATO<\/strong><em>:<\/em> i suoi dati saranno acquisiti ed elaborati senza effettuare processi decisionali automatizzati compresa la &#8220;profilazione&#8221; (qualsiasi forma di trattamento automatizzato di dati personali consistente nell&#8217;utilizzo di tali dati personali per valutare determinati aspetti personali relativi a una persona fisica, in particolare per analizzare o prevedere aspetti riguardanti il rendimento professionale, la situazione economica, la salute, le preferenze personali, gli interessi, l&#8217;affidabilit\u00e0, il comportamento, l&#8217;ubicazione o gli spostamenti di detta persona fisica).<\/p>\n\n\n\n<p><strong>PERIODO DI CONSERVAZIONE:<\/strong><em> <\/em>Le segnaliamo che, nel rispetto dei principi di liceit\u00e0, limitazione delle finalit\u00e0 e minimizzazione dei dati, ai sensi dell\u2019art. 5 del GDPR, il periodo di conservazione dei Suoi dati personali \u00e8:<\/p>\n\n\n\n<p>&#8211; di 5 anni al momento dell\u2019ultimo accesso al sito.<\/p>\n\n\n\n<p><strong>TITOLARE DEL TRATTAMENTO DATI E DPO<\/strong><\/p>\n\n\n\n<p>Il Titolare del trattamento dei dati, ai sensi della Legge, \u00e8 AEP Ticketing Solutions srl (Via dei Colli 240 , 50058 Signa (FI); e-mail:<\/p>\n\n\n\n<p>amministrazione AT aep-italia.it &#8211; info AT aep-italia.it; telefono: +39 055 8732606; P.IVA \/ C.F. 03504280482) nella persona del suo legale rappresentante pro tempore.<\/p>\n\n\n\n<p>Responsabile della protezione dati: Macroazienda Innovazione e Sviluppo srl, Via Sistina 121 &#8211; 00187 Roma, nella persona del referente Dott. Agostini Alessandro, e-mail: alessandro.agostini AT macroazienda.it, pec: dpo.agostini AT pec.it<\/p>\n\n\n\n<p><strong>DIRITTI DELL\u2019INTERESSATO<\/strong><\/p>\n\n\n\n<p>Lei pu\u00f2 esercitare i diritti indicati dal Regolamento, Capo III del GDPR, ed in particolare:<\/p>\n\n\n\n<p>&#8211; diritto di accesso: diritto di ottenere conferma che sia o meno in corso un trattamento di dati personali che La riguardano e, in caso affermativo, ricevere varie informazioni, tra cui, la finalit\u00e0 del trattamento, le categorie di dati personali trattati e il periodo di conservazione, i destinatari cui questi possono essere comunicati (articolo 15);<\/p>\n\n\n\n<p>&#8211; diritto di rettifica: ottenere, senza ingiustificato ritardo, la rettifica dei dati personali inesatti che La riguardano e l&#8217;integrazione dei dati personali incompleti (articolo 16);<\/p>\n\n\n\n<p>&#8211; diritto alla cancellazione: ottenere, senza ingiustificato ritardo, la cancellazione dei dati personali che La riguardano, nei casi previsti dal Regolamento (articolo 17);<\/p>\n\n\n\n<p>&#8211; diritto di limitazione: ottenere la limitazione del trattamento, nei casi previsti dal Regolamento (articolo 18);<\/p>\n\n\n\n<p>&#8211; diritto alla portabilit\u00e0: ricevere in un formato strutturato, di uso comune e leggibile da un dispositivo automatico, i dati personali che La riguardano e di ottenere che gli stessi siano trasmessi a altro titolare senza impedimenti, nei casi previsti dal Regolamento (articolo 20);<\/p>\n\n\n\n<p>&#8211; diritto di opposizione: opporsi al trattamento dei dati personali che La riguardano, salvo che sussistano motivi legittimi per il Titolare di continuare il trattamento (articolo 21);<\/p>\n\n\n\n<p>&#8211; diritto di non essere sottoposto a processo decisionale automatizzato: diritto di non essere sottoposto a una decisione basata unicamente sul trattamento automatizzato, compresa la profilazione, che produca effetti giuridici che lo riguardano o che incida in modo analogo significativamente sulla sua persona (articolo 22);<\/p>\n\n\n\n<p>&#8211; diritto di revoca del consenso: in caso di trattamento dati basato sul consenso, revocare il consenso in qualsiasi momento senza pregiudicare la liceit\u00e0 del trattamento dati basata sul consenso prestato prima della stessa revoca;<\/p>\n\n\n\n<p>&#8211; diritto di proporre reclamo all&#8217;autorit\u00e0 di controllo: proporre reclamo all&#8217;Autorit\u00e0 Garante per la protezione dei dati personali, Piazza Venezia n. 11, 00187, Roma (RM) &#8211; www.garanteprivacy.it.<\/p>\n\n\n\n<p>I diritti potranno essere esercitati mediante il semplice invio di una richiesta ai seguenti recapiti: AEP Ticketing Solutions srl , Via dei Colli 240 &#8211; 50058 Signa (FI), email: gdpr [at] aep-italia.it<\/p>\n","protected":false},"excerpt":{"rendered":"<p>&nbsp; AEP Ticketing Solutions srl, con sede: Via dei Colli 240 &#8211; 50058 Signa (FI), CF. 03504280482 &#8211; P.IVA 03504280482, nella qualit\u00e0 di Titolare del trattamento dei Suoi dati personali, ai sensi e per gli effetti del Reg.to UE2016\/679 di seguito &#8216;GDPR&#8217;, dichiara che il trattamento dei Suoi dati sar\u00e0 improntato ai principi di correttezza, [&hellip;]<\/p>\n","protected":false},"author":12,"featured_media":0,"parent":0,"menu_order":0,"comment_status":"closed","ping_status":"closed","template":"","meta":{"ngg_post_thumbnail":0},"yoast_head":"<!-- This site is optimized with the Yoast SEO plugin v15.9.1 - https:\/\/yoast.com\/wordpress\/plugins\/seo\/ -->\n<title>Cookie - AEP Ticketing Solutions<\/title>\n<meta name=\"robots\" content=\"index, follow, max-snippet:-1, max-image-preview:large, max-video-preview:-1\" \/>\n<link rel=\"canonical\" href=\"https:\/\/www.aep-italia.it\/it\/cookie\/\" \/>\n<meta property=\"og:locale\" content=\"it_IT\" \/>\n<meta property=\"og:type\" content=\"article\" \/>\n<meta property=\"og:title\" content=\"Cookie - AEP Ticketing Solutions\" \/>\n<meta property=\"og:description\" content=\"&nbsp; AEP Ticketing Solutions srl, con sede: Via dei Colli 240 &#8211; 50058 Signa (FI), CF. 03504280482 &#8211; P.IVA 03504280482, nella qualit\u00e0 di Titolare del trattamento dei Suoi dati personali, ai sensi e per gli effetti del Reg.to UE2016\/679 di seguito &#8216;GDPR&#8217;, dichiara che il trattamento dei Suoi dati sar\u00e0 improntato ai principi di correttezza, [&hellip;]\" \/>\n<meta property=\"og:url\" content=\"https:\/\/www.aep-italia.it\/it\/cookie\/\" \/>\n<meta property=\"og:site_name\" content=\"AEP Ticketing Solutions\" \/>\n<meta property=\"article:modified_time\" content=\"2026-03-24T18:24:41+00:00\" \/>\n<meta name=\"twitter:label1\" content=\"Tempo di lettura stimato\">\n\t<meta name=\"twitter:data1\" content=\"8 minuti\">\n<script type=\"application\/ld+json\" class=\"yoast-schema-graph\">{\"@context\":\"https:\/\/schema.org\",\"@graph\":[{\"@type\":\"WebSite\",\"@id\":\"https:\/\/www.aep-italia.it\/it\/#website\",\"url\":\"https:\/\/www.aep-italia.it\/it\/\",\"name\":\"AEP Ticketing Solutions\",\"description\":\"OUR Priority YOUR Mobility\",\"potentialAction\":[{\"@type\":\"SearchAction\",\"target\":\"https:\/\/www.aep-italia.it\/it\/?s={search_term_string}\",\"query-input\":\"required name=search_term_string\"}],\"inLanguage\":\"it-IT\"},{\"@type\":\"WebPage\",\"@id\":\"https:\/\/www.aep-italia.it\/it\/cookie\/#webpage\",\"url\":\"https:\/\/www.aep-italia.it\/it\/cookie\/\",\"name\":\"Cookie - AEP Ticketing Solutions\",\"isPartOf\":{\"@id\":\"https:\/\/www.aep-italia.it\/it\/#website\"},\"datePublished\":\"2015-05-21T13:08:43+00:00\",\"dateModified\":\"2026-03-24T18:24:41+00:00\",\"breadcrumb\":{\"@id\":\"https:\/\/www.aep-italia.it\/it\/cookie\/#breadcrumb\"},\"inLanguage\":\"it-IT\",\"potentialAction\":[{\"@type\":\"ReadAction\",\"target\":[\"https:\/\/www.aep-italia.it\/it\/cookie\/\"]}]},{\"@type\":\"BreadcrumbList\",\"@id\":\"https:\/\/www.aep-italia.it\/it\/cookie\/#breadcrumb\",\"itemListElement\":[{\"@type\":\"ListItem\",\"position\":1,\"item\":{\"@type\":\"WebPage\",\"@id\":\"https:\/\/www.aep-italia.it\/it\/\",\"url\":\"https:\/\/www.aep-italia.it\/it\/\",\"name\":\"Home\"}},{\"@type\":\"ListItem\",\"position\":2,\"item\":{\"@type\":\"WebPage\",\"@id\":\"https:\/\/www.aep-italia.it\/it\/cookie\/\",\"url\":\"https:\/\/www.aep-italia.it\/it\/cookie\/\",\"name\":\"Cookie\"}}]}]}<\/script>\n<!-- \/ Yoast SEO plugin. -->","_links":{"self":[{"href":"https:\/\/www.aep-italia.it\/it\/wp-json\/wp\/v2\/pages\/28042"}],"collection":[{"href":"https:\/\/www.aep-italia.it\/it\/wp-json\/wp\/v2\/pages"}],"about":[{"href":"https:\/\/www.aep-italia.it\/it\/wp-json\/wp\/v2\/types\/page"}],"author":[{"embeddable":true,"href":"https:\/\/www.aep-italia.it\/it\/wp-json\/wp\/v2\/users\/12"}],"replies":[{"embeddable":true,"href":"https:\/\/www.aep-italia.it\/it\/wp-json\/wp\/v2\/comments?post=28042"}],"version-history":[{"count":22,"href":"https:\/\/www.aep-italia.it\/it\/wp-json\/wp\/v2\/pages\/28042\/revisions"}],"predecessor-version":[{"id":52365,"href":"https:\/\/www.aep-italia.it\/it\/wp-json\/wp\/v2\/pages\/28042\/revisions\/52365"}],"wp:attachment":[{"href":"https:\/\/www.aep-italia.it\/it\/wp-json\/wp\/v2\/media?parent=28042"}],"curies":[{"name":"wp","href":"https:\/\/api.w.org\/{rel}","templated":true}]}}