{"id":33247,"date":"2019-07-25T14:24:44","date_gmt":"2019-07-25T13:24:44","guid":{"rendered":"\/en\/?page_id=33247"},"modified":"2020-10-19T08:36:04","modified_gmt":"2020-10-19T07:36:04","slug":"nuova-pagine-referenze","status":"publish","type":"page","link":"https:\/\/www.aep-italia.it\/it\/nuova-pagine-referenze\/","title":{"rendered":"Referenze"},"content":{"rendered":"<div>\n<p>    <img src=\"wp-content\/uploads\/2020\/07\/Referenze-1.jpg\" alt=\"\"><\/p>\n<h1>REFERENZE<\/h1>\n<div>\n<p style=\"color: white;\">OLTRE 600 CLIENTI NEL TRASPORTO PUBBLICO<\/p>\n<\/div>\n<\/div>\n<p><img src=\"wp-content\/uploads\/2020\/08\/Mondo-AEP.jpg\" alt=\"\"><\/p>\n<ul>\n<li>\n<p>        <img src=\"wp-content\/uploads\/2017\/06\/2019-01-13_171909.png\" alt=\"\"><\/p>\n<h3>ATM &#038; Trenord Milano <\/h3>\n<div>Sistema centrale, supervisione impianti e centro di produzione massiva<\/div>\n<\/li>\n<li>\n<p>        <img src=\"wp-content\/uploads\/2017\/06\/2019-01-13_171931.png\" alt=\"\"><\/p>\n<h3>GTT Torino e altre aziende BIP<\/h3>\n<div>L\u201985% del BIP \u00e8 AEP!<\/div>\n<\/li>\n<li>\n<p>        <img src=\"wp-content\/uploads\/2017\/06\/2019-01-13_172441.png\" alt=\"\"><\/p>\n<h3>Busitalia (Italia)<\/h3>\n<\/li>\n<li>\n<p>        <img src=\"wp-content\/uploads\/2017\/06\/2019-01-13_172545.png\" alt=\"\"><\/p>\n<h3>Referenze di AEP in Francia<\/h3>\n<\/li>\n<li>\n<p>        <img src=\"wp-content\/uploads\/2017\/06\/2019-01-13_172501.png\" alt=\"\"><\/p>\n<h3>Skup card regione Slesia (Polonia)<\/h3>\n<div>Un\u2019intera regione, 25 citt\u00e0<\/div>\n<\/li>\n<li>\n<p>        <img src=\"wp-content\/uploads\/2017\/06\/2019-01-13_172415.png\" alt=\"\"><\/p>\n<h3>Astana, Kazakistan<\/h3>\n<div>Una delle citt\u00e0 pi\u00f9 moderne del pianeta<\/div>\n<\/li>\n<li>\n<p>        <img src=\"wp-content\/uploads\/2017\/06\/Diapositiva24.jpg\" alt=\"\"><\/p>\n<h3>Ferrovie Egiziane<\/h3>\n<div>Un sistema di grandissime dimensioni<\/div>\n<\/li>\n<li>\n<p>        <img src=\"wp-content\/uploads\/2017\/06\/Diapositiva22.jpg\" alt=\"\"><\/p>\n<h3>SNTF, Ferrovie Algerine<\/h3>\n<div>Sistema specializzato per l\u2019impiego ferroviario<\/div>\n<\/li>\n<\/ul>\n<h2>Riepilogo principali Clienti di AEP<\/h2>\n<div>\n<ul>\n<li><b>Amag Mobilit\u00e0<\/b>, Alessandria<\/li>\n<li><b>ATAF Gestioni<\/b>, Firenze<\/li>\n<li><b>ATAP<\/b>, Biella<\/li>\n<li><b>ARST<\/b>, Cagliari<\/li>\n<li><b>ASF<\/b>, Como<\/li>\n<li><b>ATM<\/b>, Milano<\/li>\n<li><b>ATP<\/b>, Nuoro<\/li>\n<li><b>ATP<\/b>, Sassari<\/li>\n<li><b>ATV,<\/b> Verona<\/li>\n<li><b>Automobilistica Perego<\/b>, Tirano (SO)<\/li>\n<li><b>beeMop<\/b>, B\u00e9ziers (FR)<\/li>\n<li><b>Busitalia<\/b> Umbria<\/li>\n<li><b>CTFU<\/b>, Martinica (FR)<\/li>\n<li><b>CO.ER.BUS<\/b>, Lugo (RA)<\/li>\n<li><b>Communaut\u00e9 Rochefort Oc\u00e9an Caro<\/b>, Rochefort<\/li>\n<li><b>CTPI<\/b>, Varese<\/li>\n<li><b>CTT Nord<\/b>, Toscana<\/li>\n<li><b>Egyptian Railwais<\/b><\/li>\n<li><b>Extra.To<\/b>, Piemonte<\/li>\n<li><b>GTT<\/b>, Torino<\/li>\n<li><b>Imagine<\/b>, Epinal (FR)<\/li>\n<li><b>LRT, <\/b>Nur-Sultan (Kazakistan)<\/li>\n<li><b>Metropolitana di Torino<\/b><\/li>\n<li><b>MOM<\/b>, Treviso<\/li>\n<li><b>People Mover<\/b>, Bologna<\/li>\n<li><b>Pisa Mover<\/b>, Pisa<\/li>\n<li><b>Regione Bourgogne Franche-Compt\u00e9 <\/b>(Cityway, FR)<\/li>\n<li><b>Regione Centre-Val de Loire,<\/b> <b>REMI <\/b>(FR)<\/li>\n<li><b>Regione Normadia, SBIS <\/b>(FR)<\/li>\n<li><strong>Regione Slesia<\/strong> (Polonia)<\/li>\n<li><b>Regione Sardegna<\/b><\/li>\n<li><b>RTP Vitalis<\/b>, Poitiers (FR)<\/li>\n<li><b>SADEM Arriva Italia<\/b>, Milano<span class=\"Apple-converted-space\">\u00a0<\/span><\/li>\n<li><b>SEAM<\/b>, Cortina d&#8217;Ampezzo (BL)<\/li>\n<li><strong>SETA<\/strong>, Modena<\/li>\n<li><b>SITAC<\/b>, Chalons En Champagne (FR)<span class=\"Apple-converted-space\">\u00a0<\/span><\/li>\n<li><b>SNTF<\/b>, Ferrovie Algerine<\/li>\n<li><b>Societ\u00e0 Vicentina Trasporti<\/b>, Vicenza<\/li>\n<li><b>SPL Chartres Metropole Filibus<\/b>, Chartres (FR)<\/li>\n<li><b>SPL Trans-Landes<\/b>, Dax (FR)<\/li>\n<li><strong>Start Romagna<\/strong>, Rimini<\/li>\n<li><b>STGA<\/b>, Angoul\u00eame<span class=\"Apple-converted-space\">\u00a0 <\/span>(FR)<\/li>\n<li><b>TADAO SMT <\/b>Artois Gohelle (FR)<\/li>\n<li><strong>TEP<\/strong>, Parma<\/li>\n<li><b>Tiemme<\/b>, Toscana<\/li>\n<li><b>Tper<\/b>, Bologna<\/li>\n<li><b>Trenord<\/b>, Milano<\/li>\n<li><b>Trieste Trasporti<\/b><\/li>\n<li><b>Trotta<\/b>, Roma<\/li>\n<\/ul>\n<\/div>\n<p><!-- {\"type\":\"layout\",\"children\":[{\"type\":\"section\",\"props\":{\"style\":\"default\",\"width\":\"expand\",\"vertical_align\":\"middle\",\"title_position\":\"top-left\",\"title_rotation\":\"left\",\"title_breakpoint\":\"xl\",\"image_position\":\"center-center\",\"text_color\":\"\",\"width_expand\":\"\",\"height\":\"\",\"padding\":\"small\",\"header_transparent\":\"\",\"animation\":\"\",\"padding_remove_top\":true,\"padding_remove_bottom\":false},\"children\":[{\"type\":\"row\",\"props\":{\"layout\":\"1-1\",\"breakpoint\":\"m\",\"fixed_width\":\"large\",\"gutter\":\"\",\"width\":\"\",\"width_expand\":\"\",\"height\":\"\",\"margin\":\"\",\"margin_remove_bottom\":false},\"children\":[{\"type\":\"column\",\"props\":{\"widths\":[\"1-1\"],\"image_position\":\"center-center\",\"media_overlay_gradient\":\"\",\"vertical_align\":\"\",\"style\":\"\",\"text_color\":\"\",\"padding\":\"\"},\"children\":[{\"name\":\"Testata\",\"type\":\"slideshow\",\"props\":{\"show_title\":true,\"show_meta\":true,\"show_content\":true,\"show_link\":true,\"show_thumbnail\":true,\"slideshow_min_height\":\"300\",\"slideshow_autoplay_pause\":false,\"nav\":\"dotnav\",\"nav_position\":\"bottom-center\",\"nav_position_margin\":\"medium\",\"nav_align\":\"center\",\"nav_breakpoint\":\"xl\",\"thumbnav_width\":\"100\",\"thumbnav_height\":\"75\",\"slidenav\":\"bottom-left\",\"slidenav_margin\":\"\",\"slidenav_breakpoint\":\"m\",\"slidenav_outside_breakpoint\":\"xl\",\"overlay_position\":\"bottom-left\",\"overlay_animation\":\"parallax\",\"title_element\":\"h1\",\"meta_style\":\"meta\",\"meta_align\":\"above-title\",\"link_text\":\"Read more\",\"link_style\":\"text\",\"margin\":\"default\",\"overlay_style\":\"overlay-default\",\"overlay_padding\":\"small\",\"overlay_width\":\"xlarge\",\"overlay_margin\":\"none\",\"title_style\":\"h1\",\"meta_margin\":\"\",\"link_target\":false,\"link_size\":\"\",\"slideshow_height\":\"\",\"nav_below\":false,\"css\":\"h1 {\\n    font-size: 55px;\\n    font-weight: 900;\\n}\",\"text_color\":\"\",\"slidenav_large\":true,\"overlay_container\":\"\",\"slideshow_autoplay\":true,\"slideshow_animation\":\"fade\",\"animation\":\"\",\"parallax_opacity_end\":\"\",\"parallax_easing\":\"\",\"parallax_scale_end\":\"\",\"image_width\":\"2560\",\"image_height\":\"1440\",\"thumbnav_svg_color\":\"emphasis\",\"title_margin\":\"small\",\"slideshow_box_shadow\":\"\",\"slideshow_box_decoration\":\"\",\"slideshow_kenburns\":\"\",\"nav_margin\":\"\",\"nav_color\":\"\",\"slidenav_outside_color\":\"\",\"overlay_container_padding\":\"\",\"title_decoration\":\"\",\"title_color\":\"\",\"meta_color\":\"\",\"content_style\":\"\",\"content_margin\":\"\",\"link_margin\":\"large\",\"text_align\":\"\",\"text_align_breakpoint\":\"\",\"text_align_fallback\":\"\",\"maxwidth\":\"\",\"maxwidth_breakpoint\":\"\",\"visibility\":\"\",\"slideshow_max_height\":\"600\",\"block_align\":\"\",\"title_font_family\":\"\",\"position\":\"\",\"position_z_index\":\"\",\"block_align_breakpoint\":\"\",\"block_align_fallback\":\"\",\"margin_remove_top\":true},\"children\":[{\"name\":\"\",\"type\":\"slideshow_item\",\"props\":{\"image\":\"wp-content\\\/uploads\\\/2020\\\/07\\\/Referenze-1.jpg\",\"title\":\"REFERENZE\",\"meta\":\"\",\"link\":\"\",\"link_text\":\"\",\"text_color\":\"\",\"content\":\"\n\n<p style=\\\"color: white;\\\">OLTRE 600 CLIENTI NEL TRASPORTO PUBBLICO<\\\/p>\",\"media_blend_mode\":\"\"}}]}]}]}]},{\"type\":\"section\",\"props\":{\"style\":\"default\",\"width\":\"large\",\"vertical_align\":\"middle\",\"title_position\":\"top-left\",\"title_rotation\":\"left\",\"title_breakpoint\":\"xl\",\"image_position\":\"center-center\",\"text_color\":\"\",\"width_expand\":\"\",\"height\":\"\",\"padding\":\"xsmall\",\"header_transparent\":\"\",\"animation\":\"\",\"padding_remove_top\":false,\"padding_remove_bottom\":true},\"children\":[{\"type\":\"row\",\"props\":{\"layout\":\"1-1\",\"breakpoint\":\"m\",\"fixed_width\":\"large\",\"gutter\":\"\",\"width\":\"\",\"width_expand\":\"\",\"height\":\"\",\"margin\":\"small\",\"margin_remove_top\":true},\"children\":[{\"type\":\"column\",\"props\":{\"widths\":[\"1-1\"],\"image_position\":\"center-center\",\"media_overlay_gradient\":\"\",\"vertical_align\":\"\",\"style\":\"\",\"text_color\":\"\",\"padding\":\"\"},\"children\":[{\"type\":\"image\",\"props\":{\"margin\":\"default\",\"image_svg_color\":\"emphasis\",\"link_target\":\"\",\"image_border\":\"\",\"image_box_shadow\":\"\",\"image_hover_box_shadow\":\"\",\"image_box_decoration\":\"\",\"position\":\"\",\"position_z_index\":\"\",\"maxwidth\":\"\",\"maxwidth_breakpoint\":\"\",\"block_align\":\"\",\"block_align_breakpoint\":\"\",\"block_align_fallback\":\"\",\"text_align\":\"\",\"text_align_breakpoint\":\"\",\"text_align_fallback\":\"\",\"animation\":\"\",\"visibility\":\"\",\"image\":\"wp-content\\\/uploads\\\/2020\\\/08\\\/Mondo-AEP.jpg\",\"margin_remove_top\":false}}]}]},{\"type\":\"row\",\"props\":{\"layout\":\"1-1\",\"breakpoint\":\"m\",\"fixed_width\":\"large\",\"gutter\":\"small\",\"width\":\"large\",\"width_expand\":\"\",\"height\":\"\",\"margin\":\"remove-vertical\",\"match\":true},\"children\":[{\"type\":\"column\",\"props\":{\"widths\":[\"1-1\"],\"image_position\":\"center-center\",\"media_overlay_gradient\":\"\",\"vertical_align\":\"\",\"style\":\"\",\"text_color\":\"\",\"padding\":\"xsmall\"},\"children\":[{\"type\":\"grid\",\"props\":{\"show_title\":true,\"show_meta\":false,\"show_content\":true,\"show_image\":true,\"show_link\":true,\"grid_default\":\"1\",\"grid_medium\":\"2\",\"filter_style\":\"tab\",\"filter_all\":true,\"filter_position\":\"top\",\"filter_align\":\"left\",\"filter_grid_width\":\"auto\",\"filter_breakpoint\":\"m\",\"title_element\":\"h3\",\"title_align\":\"top\",\"title_grid_width\":\"1-2\",\"title_breakpoint\":\"m\",\"meta_style\":\"meta\",\"meta_align\":\"below-title\",\"icon_ratio\":4,\"image_align\":\"top\",\"image_grid_width\":\"1-2\",\"image_breakpoint\":\"m\",\"image_svg_color\":\"emphasis\",\"link_text\":\"Read more\",\"link_style\":\"default\",\"margin\":\"small\",\"item_animation\":\"\",\"gutter\":\"small\",\"grid_small\":\"\",\"grid_large\":\"\",\"grid_xlarge\":\"\",\"filter_margin\":\"\",\"filter_gutter\":\"\",\"title_display\":\"\",\"content_display\":\"\",\"panel_style\":\"card-default\",\"panel_content_padding\":\"\",\"panel_size\":\"small\",\"item_maxwidth\":\"\",\"title_style\":\"h3\",\"title_decoration\":\"divider\",\"title_color\":\"muted\",\"title_gutter\":\"\",\"title_margin\":\"\",\"meta_color\":\"\",\"meta_margin\":\"small\",\"content_style\":\"\",\"content_margin\":\"small\",\"image_border\":\"\",\"image_box_shadow\":\"\",\"image_hover_box_shadow\":\"\",\"image_box_decoration\":\"\",\"icon_color\":\"\",\"image_gutter\":\"\",\"image_margin\":\"\",\"link_type\":\"\",\"link_size\":\"\",\"link_margin\":\"\",\"text_align\":\"\",\"text_align_breakpoint\":\"\",\"text_align_fallback\":\"\",\"maxwidth\":\"\",\"maxwidth_breakpoint\":\"\",\"visibility\":\"\",\"panel_card_image\":true,\"css\":\"\",\"block_align\":\"\",\"title_hover_style\":\"reset\",\"title_font_family\":\"\",\"image_transition\":\"\",\"position\":\"\",\"position_z_index\":\"\",\"block_align_breakpoint\":\"\",\"block_align_fallback\":\"\"},\"children\":[{\"type\":\"grid_item\",\"props\":{\"title\":\"ATM & Trenord Milano \",\"content\":\"Sistema centrale, supervisione impianti e centro di produzione massiva\",\"image\":\"wp-content\\\/uploads\\\/2017\\\/06\\\/2019-01-13_171909.png\"}},{\"type\":\"grid_item\",\"props\":{\"title\":\"GTT Torino e altre aziende BIP\",\"content\":\"L\\u201985% del BIP \\u00e8 AEP!\",\"meta\":\"\",\"image\":\"wp-content\\\/uploads\\\/2017\\\/06\\\/2019-01-13_171931.png\"}},{\"type\":\"grid_item\",\"props\":{\"title\":\"Busitalia (Italia)\",\"content\":\"\",\"meta\":\"\",\"image\":\"wp-content\\\/uploads\\\/2017\\\/06\\\/2019-01-13_172441.png\"}},{\"type\":\"grid_item\",\"props\":{\"title\":\"Referenze di AEP in Francia\",\"content\":\"\",\"meta\":\"\",\"image\":\"wp-content\\\/uploads\\\/2017\\\/06\\\/2019-01-13_172545.png\"}},{\"type\":\"grid_item\",\"props\":{\"title\":\"Skup card regione Slesia (Polonia)\",\"content\":\"Un\\u2019intera regione, 25 citt\\u00e0\",\"meta\":\"\",\"image\":\"wp-content\\\/uploads\\\/2017\\\/06\\\/2019-01-13_172501.png\"}},{\"type\":\"grid_item\",\"props\":{\"title\":\"Astana, Kazakistan\",\"content\":\"Una delle citt\\u00e0 pi\\u00f9 moderne del pianeta\",\"meta\":\"\",\"image\":\"wp-content\\\/uploads\\\/2017\\\/06\\\/2019-01-13_172415.png\"}},{\"type\":\"grid_item\",\"props\":{\"title\":\"Ferrovie Egiziane\",\"content\":\"Un sistema di grandissime dimensioni\",\"meta\":\"\",\"image\":\"wp-content\\\/uploads\\\/2017\\\/06\\\/Diapositiva24.jpg\"}},{\"type\":\"grid_item\",\"props\":{\"title\":\"SNTF, Ferrovie Algerine\",\"content\":\"Sistema specializzato per l\\u2019impiego ferroviario\",\"meta\":\"\",\"image\":\"wp-content\\\/uploads\\\/2017\\\/06\\\/Diapositiva22.jpg\"}}]}]}]}]},{\"type\":\"section\",\"props\":{\"style\":\"default\",\"width\":\"default\",\"vertical_align\":\"middle\",\"title_position\":\"top-left\",\"title_rotation\":\"left\",\"title_breakpoint\":\"xl\",\"image_position\":\"center-center\",\"text_color\":\"\",\"width_expand\":\"\",\"height\":\"\",\"padding\":\"\",\"header_transparent\":\"\",\"animation\":\"\",\"padding_remove_bottom\":true,\"padding_remove_top\":false},\"children\":[{\"type\":\"row\",\"props\":{\"layout\":\"1-1\",\"breakpoint\":\"m\",\"fixed_width\":\"large\",\"gutter\":\"\",\"width\":\"\",\"width_expand\":\"\",\"height\":\"\",\"margin\":\"\",\"margin_remove_top\":true,\"margin_remove_bottom\":true},\"children\":[{\"type\":\"column\",\"props\":{\"widths\":[\"1-1\"],\"image_position\":\"center-center\",\"media_overlay_gradient\":\"\",\"vertical_align\":\"\",\"style\":\"muted\",\"text_color\":\"\",\"padding\":\"\"},\"children\":[{\"type\":\"headline\",\"props\":{\"title_element\":\"h2\",\"title_style\":\"h2\",\"title_decoration\":\"\",\"title_font_family\":\"\",\"title_color\":\"\",\"position\":\"\",\"position_z_index\":\"\",\"margin\":\"\",\"maxwidth\":\"\",\"maxwidth_breakpoint\":\"\",\"block_align\":\"\",\"block_align_breakpoint\":\"\",\"block_align_fallback\":\"\",\"text_align\":\"\",\"text_align_breakpoint\":\"\",\"text_align_fallback\":\"\",\"animation\":\"\",\"visibility\":\"\",\"content\":\"Riepilogo principali Clienti di AEP\"}},{\"type\":\"text\",\"props\":{\"margin\":\"default\",\"column_breakpoint\":\"m\",\"text_style\":\"\",\"text_color\":\"\",\"text_size\":\"\",\"column\":\"1-3\",\"position\":\"\",\"position_z_index\":\"\",\"maxwidth\":\"\",\"maxwidth_breakpoint\":\"\",\"block_align\":\"\",\"block_align_breakpoint\":\"\",\"block_align_fallback\":\"\",\"text_align\":\"\",\"text_align_breakpoint\":\"\",\"text_align_fallback\":\"\",\"animation\":\"\",\"visibility\":\"\",\"content\":\"\n\n<ul>\\n\n\n<li><b>Amag Mobilit\\u00e0<\\\/b>, Alessandria<\\\/li>\\n\n\n<li><b>ATAF Gestioni<\\\/b>, Firenze<\\\/li>\\n\n\n<li><b>ATAP<\\\/b>, Biella<\\\/li>\\n\n\n<li><b>ARST<\\\/b>, Cagliari<\\\/li>\\n\n\n<li><b>ASF<\\\/b>, Como<\\\/li>\\n\n\n<li><b>ATM<\\\/b>, Milano<\\\/li>\\n\n\n<li><b>ATP<\\\/b>, Nuoro<\\\/li>\\n\n\n<li><b>ATP<\\\/b>, Sassari<\\\/li>\\n\n\n<li><b>ATV,<\\\/b> Verona<\\\/li>\\n\n\n<li><b>Automobilistica Perego<\\\/b>, Tirano (SO)<\\\/li>\\n\n\n<li><b>beeMop<\\\/b>, B\\u00e9ziers (FR)<\\\/li>\\n\n\n<li><b>Busitalia<\\\/b> Umbria<\\\/li>\\n\n\n<li><b>CTFU<\\\/b>, Martinica (FR)<\\\/li>\\n\n\n<li><b>CO.ER.BUS<\\\/b>, Lugo (RA)<\\\/li>\\n\n\n<li><b>Communaut\\u00e9 Rochefort Oc\\u00e9an Caro<\\\/b>, Rochefort<\\\/li>\\n\n\n<li><b>CTPI<\\\/b>, Varese<\\\/li>\\n\n\n<li><b>CTT Nord<\\\/b>, Toscana<\\\/li>\\n\n\n<li><b>Egyptian Railwais<\\\/b><\\\/li>\\n\n\n<li><b>Extra.To<\\\/b>, Piemonte<\\\/li>\\n\n\n<li><b>GTT<\\\/b>, Torino<\\\/li>\\n\n\n<li><b>Imagine<\\\/b>, Epinal (FR)<\\\/li>\\n\n\n<li><b>LRT, <\\\/b>Nur-Sultan (Kazakistan)<\\\/li>\\n\n\n<li><b>Metropolitana di Torino<\\\/b><\\\/li>\\n\n\n<li><b>MOM<\\\/b>, Treviso<\\\/li>\\n\n\n<li><b>People Mover<\\\/b>, Bologna<\\\/li>\\n\n\n<li><b>Pisa Mover<\\\/b>, Pisa<\\\/li>\\n\n\n<li><b>Regione Bourgogne Franche-Compt\\u00e9 <\\\/b>(Cityway, FR)<\\\/li>\\n\n\n<li><b>Regione Centre-Val de Loire,<\\\/b> <b>REMI <\\\/b>(FR)<\\\/li>\\n\n\n<li><b>Regione Normadia, SBIS <\\\/b>(FR)<\\\/li>\\n\n\n<li><strong>Regione Slesia<\\\/strong> (Polonia)<\\\/li>\\n\n\n<li><b>Regione Sardegna<\\\/b><\\\/li>\\n\n\n<li><b>RTP Vitalis<\\\/b>, Poitiers (FR)<\\\/li>\\n\n\n<li><b>SADEM Arriva Italia<\\\/b>, Milano<span class=\\\"Apple-converted-space\\\">\\u00a0<\\\/span><\\\/li>\\n\n\n<li><b>SEAM<\\\/b>, Cortina d'Ampezzo (BL)<\\\/li>\\n\n\n<li><strong>SETA<\\\/strong>, Modena<\\\/li>\\n\n\n<li><b>SITAC<\\\/b>, Chalons En Champagne (FR)<span class=\\\"Apple-converted-space\\\">\\u00a0<\\\/span><\\\/li>\\n\n\n<li><b>SNTF<\\\/b>, Ferrovie Algerine<\\\/li>\\n\n\n<li><b>Societ\\u00e0 Vicentina Trasporti<\\\/b>, Vicenza<\\\/li>\\n\n\n<li><b>SPL Chartres Metropole Filibus<\\\/b>, Chartres (FR)<\\\/li>\\n\n\n<li><b>SPL Trans-Landes<\\\/b>, Dax (FR)<\\\/li>\\n\n\n<li><strong>Start Romagna<\\\/strong>, Rimini<\\\/li>\\n\n\n<li><b>STGA<\\\/b>, Angoul\\u00eame<span class=\\\"Apple-converted-space\\\">\\u00a0 <\\\/span>(FR)<\\\/li>\\n\n\n<li><b>TADAO SMT <\\\/b>Artois Gohelle (FR)<\\\/li>\\n\n\n<li><strong>TEP<\\\/strong>, Parma<\\\/li>\\n\n\n<li><b>Tiemme<\\\/b>, Toscana<\\\/li>\\n\n\n<li><b>Tper<\\\/b>, Bologna<\\\/li>\\n\n\n<li><b>Trenord<\\\/b>, Milano<\\\/li>\\n\n\n<li><b>Trieste Trasporti<\\\/b><\\\/li>\\n\n\n<li><b>Trotta<\\\/b>, Roma<\\\/li>\\n<\\\/ul>\",\"column_divider\":true}}]}]}],\"name\":\"LISTA\"},{\"type\":\"section\",\"props\":{\"style\":\"default\",\"width\":\"default\",\"vertical_align\":\"middle\",\"title_position\":\"top-left\",\"title_rotation\":\"left\",\"title_breakpoint\":\"xl\",\"image_position\":\"center-center\",\"text_color\":\"\",\"width_expand\":\"\",\"height\":\"\",\"padding\":\"\",\"header_transparent\":\"\",\"animation\":\"\",\"padding_remove_top\":true},\"children\":[{\"type\":\"row\",\"props\":{\"layout\":\"1-1\",\"breakpoint\":\"m\",\"fixed_width\":\"large\",\"gutter\":\"\",\"width\":\"\",\"width_expand\":\"\",\"height\":\"\",\"margin\":\"\"},\"children\":[{\"type\":\"column\",\"props\":{\"widths\":[\"1-1\"],\"image_position\":\"center-center\",\"media_overlay_gradient\":\"\",\"vertical_align\":\"\",\"style\":\"\",\"text_color\":\"\",\"padding\":\"\"},\"children\":[{\"type\":\"totop\",\"props\":{\"margin\":\"default\",\"position\":\"\",\"position_z_index\":\"\",\"maxwidth\":\"\",\"maxwidth_breakpoint\":\"\",\"block_align\":\"\",\"block_align_breakpoint\":\"\",\"block_align_fallback\":\"\",\"text_align\":\"center\",\"text_align_breakpoint\":\"\",\"text_align_fallback\":\"\",\"animation\":\"\",\"visibility\":\"\"}}]}]}]}],\"version\":\"1.21.5\",\"props\":[]} --><\/p>\n","protected":false},"excerpt":{"rendered":"<p>REFERENZE OLTRE 600 CLIENTI NEL TRASPORTO PUBBLICO ATM &#038; Trenord Milano Sistema centrale, supervisione impianti e centro di produzione massiva GTT Torino e altre aziende BIP L\u201985% del BIP \u00e8 AEP! Busitalia (Italia) Referenze di AEP in Francia Skup card regione Slesia (Polonia) Un\u2019intera regione, 25 citt\u00e0 Astana, Kazakistan Una delle citt\u00e0 pi\u00f9 moderne del [&hellip;]<\/p>\n","protected":false},"author":12,"featured_media":0,"parent":0,"menu_order":0,"comment_status":"closed","ping_status":"closed","template":"","meta":{"ngg_post_thumbnail":0},"yoast_head":"<!-- This site is optimized with the Yoast SEO plugin v15.9.1 - https:\/\/yoast.com\/wordpress\/plugins\/seo\/ -->\n<title>Referenze - AEP Ticketing Solutions<\/title>\n<meta name=\"robots\" content=\"index, follow, max-snippet:-1, max-image-preview:large, max-video-preview:-1\" \/>\n<link rel=\"canonical\" href=\"https:\/\/www.aep-italia.it\/it\/nuova-pagine-referenze\/\" \/>\n<meta property=\"og:locale\" content=\"it_IT\" \/>\n<meta property=\"og:type\" content=\"article\" \/>\n<meta property=\"og:title\" content=\"Referenze - AEP Ticketing Solutions\" \/>\n<meta property=\"og:description\" content=\"REFERENZE OLTRE 600 CLIENTI NEL TRASPORTO PUBBLICO ATM &#038; Trenord Milano Sistema centrale, supervisione impianti e centro di produzione massiva GTT Torino e altre aziende BIP L\u201985% del BIP \u00e8 AEP! Busitalia (Italia) Referenze di AEP in Francia Skup card regione Slesia (Polonia) Un\u2019intera regione, 25 citt\u00e0 Astana, Kazakistan Una delle citt\u00e0 pi\u00f9 moderne del [&hellip;]\" \/>\n<meta property=\"og:url\" content=\"https:\/\/www.aep-italia.it\/it\/nuova-pagine-referenze\/\" \/>\n<meta property=\"og:site_name\" content=\"AEP Ticketing Solutions\" \/>\n<meta property=\"article:modified_time\" content=\"2020-10-19T07:36:04+00:00\" \/>\n<meta property=\"og:image\" content=\"http:\/\/wp-content\/uploads\/2020\/07\/Referenze-1.jpg\" \/>\n<meta name=\"twitter:label1\" content=\"Tempo di lettura stimato\">\n\t<meta name=\"twitter:data1\" content=\"1 minuto\">\n<script type=\"application\/ld+json\" class=\"yoast-schema-graph\">{\"@context\":\"https:\/\/schema.org\",\"@graph\":[{\"@type\":\"WebSite\",\"@id\":\"https:\/\/www.aep-italia.it\/it\/#website\",\"url\":\"https:\/\/www.aep-italia.it\/it\/\",\"name\":\"AEP Ticketing Solutions\",\"description\":\"OUR Priority YOUR Mobility\",\"potentialAction\":[{\"@type\":\"SearchAction\",\"target\":\"https:\/\/www.aep-italia.it\/it\/?s={search_term_string}\",\"query-input\":\"required name=search_term_string\"}],\"inLanguage\":\"it-IT\"},{\"@type\":\"ImageObject\",\"@id\":\"https:\/\/www.aep-italia.it\/it\/nuova-pagine-referenze\/#primaryimage\",\"inLanguage\":\"it-IT\",\"url\":\"wp-content\/uploads\/2020\/07\/Referenze-1.jpg\"},{\"@type\":\"WebPage\",\"@id\":\"https:\/\/www.aep-italia.it\/it\/nuova-pagine-referenze\/#webpage\",\"url\":\"https:\/\/www.aep-italia.it\/it\/nuova-pagine-referenze\/\",\"name\":\"Referenze - AEP Ticketing Solutions\",\"isPartOf\":{\"@id\":\"https:\/\/www.aep-italia.it\/it\/#website\"},\"primaryImageOfPage\":{\"@id\":\"https:\/\/www.aep-italia.it\/it\/nuova-pagine-referenze\/#primaryimage\"},\"datePublished\":\"2019-07-25T13:24:44+00:00\",\"dateModified\":\"2020-10-19T07:36:04+00:00\",\"breadcrumb\":{\"@id\":\"https:\/\/www.aep-italia.it\/it\/nuova-pagine-referenze\/#breadcrumb\"},\"inLanguage\":\"it-IT\",\"potentialAction\":[{\"@type\":\"ReadAction\",\"target\":[\"https:\/\/www.aep-italia.it\/it\/nuova-pagine-referenze\/\"]}]},{\"@type\":\"BreadcrumbList\",\"@id\":\"https:\/\/www.aep-italia.it\/it\/nuova-pagine-referenze\/#breadcrumb\",\"itemListElement\":[{\"@type\":\"ListItem\",\"position\":1,\"item\":{\"@type\":\"WebPage\",\"@id\":\"https:\/\/www.aep-italia.it\/it\/\",\"url\":\"https:\/\/www.aep-italia.it\/it\/\",\"name\":\"Home\"}},{\"@type\":\"ListItem\",\"position\":2,\"item\":{\"@type\":\"WebPage\",\"@id\":\"https:\/\/www.aep-italia.it\/it\/nuova-pagine-referenze\/\",\"url\":\"https:\/\/www.aep-italia.it\/it\/nuova-pagine-referenze\/\",\"name\":\"Referenze\"}}]}]}<\/script>\n<!-- \/ Yoast SEO plugin. -->","_links":{"self":[{"href":"https:\/\/www.aep-italia.it\/it\/wp-json\/wp\/v2\/pages\/33247"}],"collection":[{"href":"https:\/\/www.aep-italia.it\/it\/wp-json\/wp\/v2\/pages"}],"about":[{"href":"https:\/\/www.aep-italia.it\/it\/wp-json\/wp\/v2\/types\/page"}],"author":[{"embeddable":true,"href":"https:\/\/www.aep-italia.it\/it\/wp-json\/wp\/v2\/users\/12"}],"replies":[{"embeddable":true,"href":"https:\/\/www.aep-italia.it\/it\/wp-json\/wp\/v2\/comments?post=33247"}],"version-history":[{"count":26,"href":"https:\/\/www.aep-italia.it\/it\/wp-json\/wp\/v2\/pages\/33247\/revisions"}],"predecessor-version":[{"id":38148,"href":"https:\/\/www.aep-italia.it\/it\/wp-json\/wp\/v2\/pages\/33247\/revisions\/38148"}],"wp:attachment":[{"href":"https:\/\/www.aep-italia.it\/it\/wp-json\/wp\/v2\/media?parent=33247"}],"curies":[{"name":"wp","href":"https:\/\/api.w.org\/{rel}","templated":true}]}}