{"id":36708,"date":"2020-09-15T12:17:15","date_gmt":"2020-09-15T11:17:15","guid":{"rendered":"\/?page_id=36708"},"modified":"2020-10-19T10:06:38","modified_gmt":"2020-10-19T09:06:38","slug":"deutschsprachiger-besucher","status":"publish","type":"page","link":"https:\/\/www.aep-italia.it\/it\/deutschsprachiger-besucher\/","title":{"rendered":"Deutschsprachiger Besucher"},"content":{"rendered":"<ul>\n<li>\n<p>        <img src=\"wp-content\/uploads\/2015\/03\/AEP-2010_cr1.jpg\" alt=\"\"><\/p>\n<h1>WIR MACHEN<\/h1>\n<div> <\/div>\n<\/li>\n<li>\n<p>        <img src=\"wp-content\/uploads\/2015\/03\/AEP-2010_cr1.jpg\" alt=\"\"><\/p>\n<h1>NUR DAS<\/h1>\n<div> <\/div>\n<\/li>\n<\/ul>\n<h2>Lieber deutschsprachiger Besucher<\/h2>\n<div>\n<p>Wir bedauern, dass unsere Website nur noch in Italienisch, Franz\u00f6sisch und Englisch verf\u00fcgbar ist.<br \/>\nWir haben jedoch f\u00fcr Sie eine Unternehmenspr\u00e4sentation in deutscher Sprache vorbereitet, die Sie herunterladen k\u00f6nnen, indem Sie auf die Schaltfl\u00e4che unten klicken.<\/p>\n<\/div>\n<p>\n    <a href=\"https:\/\/www.aep-italia.it\/wp-content\/uploads\/2020\/09\/704489.E04.07.ED-Presentazione-aziendale-2020.pdf\">PDF herunterladen<\/a>\n<\/p>\n<p><img src=\"wp-content\/uploads\/2020\/08\/Aziendale-2020.jpg\" alt=\"\"><\/p>\n<p><!-- {\"type\":\"layout\",\"children\":[{\"type\":\"section\",\"props\":{\"style\":\"default\",\"width\":\"large\",\"vertical_align\":\"middle\",\"title_position\":\"top-left\",\"title_rotation\":\"left\",\"title_breakpoint\":\"xl\",\"image_position\":\"center-center\",\"text_color\":\"\",\"width_expand\":\"\",\"height\":\"\",\"padding\":\"\",\"header_transparent\":\"\",\"animation\":\"\",\"image\":\"\",\"padding_remove_top\":true,\"padding_remove_bottom\":true},\"children\":[{\"type\":\"row\",\"props\":{\"layout\":\"1-1\",\"breakpoint\":\"m\",\"fixed_width\":\"large\",\"gutter\":\"\",\"width\":\"\",\"width_expand\":\"\",\"height\":\"\",\"margin\":\"\"},\"children\":[{\"type\":\"column\",\"props\":{\"widths\":[\"1-1\"],\"image_position\":\"center-center\",\"media_overlay_gradient\":\"\",\"vertical_align\":\"\",\"style\":\"\",\"text_color\":\"\",\"padding\":\"\"},\"children\":[{\"name\":\"Hero\",\"type\":\"slideshow\",\"props\":{\"show_title\":true,\"show_meta\":true,\"show_content\":true,\"show_link\":true,\"show_thumbnail\":true,\"slideshow_min_height\":\"300\",\"slideshow_autoplay_pause\":false,\"nav\":\"dotnav\",\"nav_position\":\"bottom-center\",\"nav_position_margin\":\"medium\",\"nav_align\":\"center\",\"nav_breakpoint\":\"xl\",\"thumbnav_width\":\"100\",\"thumbnav_height\":\"75\",\"slidenav\":\"bottom-right\",\"slidenav_margin\":\"\",\"slidenav_breakpoint\":\"m\",\"slidenav_outside_breakpoint\":\"xl\",\"overlay_position\":\"bottom-left\",\"overlay_animation\":\"parallax\",\"title_element\":\"h1\",\"meta_style\":\"meta\",\"meta_align\":\"above-title\",\"link_text\":\"Read more\",\"link_style\":\"text\",\"margin\":\"default\",\"overlay_style\":\"overlay-default\",\"overlay_padding\":\"small\",\"overlay_width\":\"xlarge\",\"overlay_margin\":\"none\",\"title_style\":\"h1\",\"meta_margin\":\"\",\"link_target\":false,\"link_size\":\"\",\"slideshow_height\":\"\",\"nav_below\":false,\"css\":\"h1 {\\n    font-size: 55px;\\n    font-weight: 900;\\n    color: white;\\n}\\n\",\"text_color\":\"\",\"slidenav_large\":true,\"overlay_container\":\"\",\"slideshow_autoplay\":true,\"slideshow_animation\":\"fade\",\"animation\":\"\",\"parallax_opacity_end\":\"\",\"parallax_easing\":\"\",\"parallax_scale_end\":\"\",\"image_width\":\"2560\",\"image_height\":\"1440\",\"thumbnav_svg_color\":\"emphasis\",\"title_margin\":\"small\",\"slideshow_box_shadow\":\"\",\"slideshow_box_decoration\":\"\",\"slideshow_kenburns\":\"\",\"nav_margin\":\"\",\"nav_color\":\"\",\"slidenav_outside_color\":\"\",\"overlay_container_padding\":\"\",\"title_decoration\":\"\",\"title_color\":\"\",\"meta_color\":\"\",\"content_style\":\"\",\"content_margin\":\"\",\"link_margin\":\"large\",\"text_align\":\"\",\"text_align_breakpoint\":\"\",\"text_align_fallback\":\"\",\"maxwidth\":\"\",\"maxwidth_breakpoint\":\"\",\"visibility\":\"\",\"slideshow_max_height\":\"500\",\"block_align\":\"\",\"title_font_family\":\"\",\"position\":\"\",\"position_z_index\":\"\",\"block_align_breakpoint\":\"\",\"block_align_fallback\":\"\",\"slidenav_hover\":true,\"slideshow_velocity\":\"1.1\",\"slideshow_autoplay_interval\":\"2\"},\"children\":[{\"name\":\"\",\"type\":\"slideshow_item\",\"props\":{\"image\":\"wp-content\\\/uploads\\\/2015\\\/03\\\/AEP-2010_cr1.jpg\",\"title\":\"WIR MACHEN\",\"meta\":\"\",\"link\":\"\",\"link_text\":\"\",\"text_color\":\"\",\"content\":\" \",\"media_blend_mode\":\"\"}},{\"name\":\"\",\"type\":\"slideshow_item\",\"props\":{\"image\":\"wp-content\\\/uploads\\\/2015\\\/03\\\/AEP-2010_cr1.jpg\",\"title\":\"<br \/>NUR DAS\",\"meta\":\"\",\"link\":\"\",\"link_text\":\"\",\"text_color\":\"\",\"content\":\" \",\"media_blend_mode\":\"\"}}]}]}]}],\"name\":\"Intestazione\"},{\"name\":\"BROCHURE\",\"type\":\"section\",\"props\":{\"style\":\"default\",\"width\":\"large\",\"vertical_align\":\"\",\"title_position\":\"center-left\",\"title_rotation\":\"left\",\"title_breakpoint\":\"m\",\"image_position\":\"center-center\",\"text_color\":\"\",\"width_expand\":\"\",\"height\":\"\",\"padding\":\"xsmall\",\"header_transparent\":\"\",\"animation\":\"\",\"title\":\"\",\"animation_delay\":false,\"image_effect\":\"\",\"padding_remove_top\":true},\"children\":[{\"name\":\"\",\"type\":\"row\",\"props\":{\"layout\":\",\",\"breakpoint\":\"m\",\"fixed_width\":\"large\",\"gutter\":\"small\",\"width\":\"\",\"width_expand\":\"\",\"height\":\"\",\"margin\":\"\",\"order_last\":false,\"margin_remove_top\":false,\"margin_remove_bottom\":false,\"match\":true},\"children\":[{\"name\":\"\",\"type\":\"column\",\"props\":{\"widths\":[\"\"],\"image_position\":\"center-center\",\"vertical_align\":\"middle\",\"style\":\"muted\",\"text_color\":\"\",\"padding\":\"xsmall\",\"media_overlay_gradient\":\"\"},\"children\":[{\"name\":\"\",\"type\":\"headline\",\"props\":{\"title_element\":\"h2\",\"title_style\":\"h2\",\"title_decoration\":\"\",\"title_color\":\"\",\"text_align\":\"right\",\"text_align_breakpoint\":\"s\",\"text_align_fallback\":\"center\",\"maxwidth\":\"\",\"maxwidth_breakpoint\":\"\",\"margin\":\"\",\"animation\":\"parallax\",\"visibility\":\"\",\"content\":\"Lieber deutschsprachiger Besucher\",\"parallax_breakpoint\":\"m\",\"parallax_x_end\":\"\",\"parallax_x_start\":\"\",\"parallax_easing\":\"\",\"parallax_viewport\":\"0.4\",\"margin_remove_top\":true,\"parallax_opacity_start\":\"0.4\",\"parallax_opacity_end\":\"1\",\"block_align\":\"\",\"title_font_family\":\"\",\"position\":\"\",\"position_z_index\":\"\",\"block_align_breakpoint\":\"\",\"block_align_fallback\":\"\"}},{\"name\":\"\",\"type\":\"text\",\"props\":{\"margin\":\"medium\",\"column_breakpoint\":\"m\",\"text_style\":\"\",\"text_color\":\"\",\"text_size\":\"\",\"column\":\"\",\"text_align\":\"right\",\"text_align_breakpoint\":\"s\",\"text_align_fallback\":\"center\",\"maxwidth\":\"\",\"maxwidth_breakpoint\":\"\",\"animation\":\"none\",\"visibility\":\"\",\"content\":\"\n\n<p>Wir bedauern, dass unsere Website nur noch in Italienisch, Franz\\u00f6sisch und Englisch verf\\u00fcgbar ist.\\nWir haben jedoch f\\u00fcr Sie eine Unternehmenspr\\u00e4sentation in deutscher Sprache vorbereitet, die Sie herunterladen k\\u00f6nnen, indem Sie auf die Schaltfl\\u00e4che unten klicken.<\\\/p>\",\"parallax_breakpoint\":\"l\",\"parallax_x_end\":\"1\",\"parallax_x_start\":\"350\",\"parallax_easing\":\"0.3\",\"parallax_viewport\":\"0.5\",\"block_align\":\"\",\"position\":\"\",\"position_z_index\":\"\",\"block_align_breakpoint\":\"\",\"block_align_fallback\":\"\"}},{\"type\":\"button\",\"props\":{\"gutter\":\"small\",\"margin\":\"default\",\"button_size\":\"\",\"text_align\":\"right\",\"text_align_breakpoint\":\"\",\"text_align_fallback\":\"\",\"maxwidth\":\"\",\"maxwidth_breakpoint\":\"\",\"animation\":\"\",\"visibility\":\"\",\"block_align\":\"\",\"position\":\"\",\"position_z_index\":\"\",\"block_align_breakpoint\":\"\",\"block_align_fallback\":\"\"},\"children\":[{\"type\":\"button_item\",\"props\":{\"button_style\":\"primary\",\"icon_align\":\"left\",\"link_target\":\"\",\"content\":\"PDF herunterladen\",\"link\":\"https:\\\/\\\/www.aep-italia.it\\\/wp-content\\\/uploads\\\/2020\\\/09\\\/704489.E04.07.ED-Presentazione-aziendale-2020.pdf\"}}]}]},{\"name\":\"\",\"type\":\"column\",\"props\":{\"widths\":[\"\"],\"image_position\":\"center-center\",\"vertical_align\":\"\",\"style\":\"muted\",\"text_color\":\"\",\"padding\":\"xsmall\",\"media_overlay_gradient\":\"\"},\"children\":[{\"name\":\"\",\"type\":\"image\",\"props\":{\"margin\":\"\",\"link_target\":\"\",\"image_border\":\"\",\"image_box_shadow\":\"\",\"image_hover_box_shadow\":\"\",\"image_box_decoration\":\"\",\"text_align\":\"center\",\"text_align_breakpoint\":\"\",\"text_align_fallback\":\"\",\"maxwidth\":\"\",\"maxwidth_breakpoint\":\"\",\"animation\":\"none\",\"visibility\":\"\",\"container_padding_remove\":true,\"image\":\"wp-content\\\/uploads\\\/2020\\\/08\\\/Aziendale-2020.jpg\",\"parallax_breakpoint\":\"m\",\"parallax_x_end\":\"\",\"parallax_x_start\":\"\",\"parallax_viewport\":\"\",\"parallax_easing\":\"1.2\",\"parallax_scale_end\":\"\",\"parallax_scale_start\":\"\",\"parallax_y_start\":\"50\",\"parallax_y_end\":\"-100\",\"image_width\":\"600\",\"image_svg_color\":\"emphasis\",\"block_align\":\"\",\"position\":\"\",\"position_z_index\":\"\",\"block_align_breakpoint\":\"\",\"block_align_fallback\":\"\"}}]}]}]}],\"version\":\"1.21.5\",\"props\":[]} --><\/p>\n","protected":false},"excerpt":{"rendered":"<p>WIR MACHEN NUR DAS Lieber deutschsprachiger Besucher Wir bedauern, dass unsere Website nur noch in Italienisch, Franz\u00f6sisch und Englisch verf\u00fcgbar ist. Wir haben jedoch f\u00fcr Sie eine Unternehmenspr\u00e4sentation in deutscher Sprache vorbereitet, die Sie herunterladen k\u00f6nnen, indem Sie auf die Schaltfl\u00e4che unten klicken. PDF herunterladen<\/p>\n","protected":false},"author":29,"featured_media":0,"parent":0,"menu_order":0,"comment_status":"closed","ping_status":"closed","template":"","meta":{"ngg_post_thumbnail":0},"yoast_head":"<!-- This site is optimized with the Yoast SEO plugin v15.9.1 - https:\/\/yoast.com\/wordpress\/plugins\/seo\/ -->\n<title>Deutschsprachiger Besucher - AEP Ticketing Solutions<\/title>\n<meta name=\"robots\" content=\"index, follow, max-snippet:-1, max-image-preview:large, max-video-preview:-1\" \/>\n<link rel=\"canonical\" href=\"https:\/\/www.aep-italia.it\/it\/deutschsprachiger-besucher\/\" \/>\n<meta property=\"og:locale\" content=\"it_IT\" \/>\n<meta property=\"og:type\" content=\"article\" \/>\n<meta property=\"og:title\" content=\"Deutschsprachiger Besucher - AEP Ticketing Solutions\" \/>\n<meta property=\"og:description\" content=\"WIR MACHEN NUR DAS Lieber deutschsprachiger Besucher Wir bedauern, dass unsere Website nur noch in Italienisch, Franz\u00f6sisch und Englisch verf\u00fcgbar ist. Wir haben jedoch f\u00fcr Sie eine Unternehmenspr\u00e4sentation in deutscher Sprache vorbereitet, die Sie herunterladen k\u00f6nnen, indem Sie auf die Schaltfl\u00e4che unten klicken. PDF herunterladen\" \/>\n<meta property=\"og:url\" content=\"https:\/\/www.aep-italia.it\/it\/deutschsprachiger-besucher\/\" \/>\n<meta property=\"og:site_name\" content=\"AEP Ticketing Solutions\" \/>\n<meta property=\"article:modified_time\" content=\"2020-10-19T09:06:38+00:00\" \/>\n<meta property=\"og:image\" content=\"http:\/\/wp-content\/uploads\/2015\/03\/AEP-2010_cr1.jpg\" \/>\n<script type=\"application\/ld+json\" class=\"yoast-schema-graph\">{\"@context\":\"https:\/\/schema.org\",\"@graph\":[{\"@type\":\"WebSite\",\"@id\":\"https:\/\/www.aep-italia.it\/it\/#website\",\"url\":\"https:\/\/www.aep-italia.it\/it\/\",\"name\":\"AEP Ticketing Solutions\",\"description\":\"OUR Priority YOUR Mobility\",\"potentialAction\":[{\"@type\":\"SearchAction\",\"target\":\"https:\/\/www.aep-italia.it\/it\/?s={search_term_string}\",\"query-input\":\"required name=search_term_string\"}],\"inLanguage\":\"it-IT\"},{\"@type\":\"ImageObject\",\"@id\":\"https:\/\/www.aep-italia.it\/it\/deutschsprachiger-besucher\/#primaryimage\",\"inLanguage\":\"it-IT\",\"url\":\"wp-content\/uploads\/2015\/03\/AEP-2010_cr1.jpg\"},{\"@type\":\"WebPage\",\"@id\":\"https:\/\/www.aep-italia.it\/it\/deutschsprachiger-besucher\/#webpage\",\"url\":\"https:\/\/www.aep-italia.it\/it\/deutschsprachiger-besucher\/\",\"name\":\"Deutschsprachiger Besucher - AEP Ticketing Solutions\",\"isPartOf\":{\"@id\":\"https:\/\/www.aep-italia.it\/it\/#website\"},\"primaryImageOfPage\":{\"@id\":\"https:\/\/www.aep-italia.it\/it\/deutschsprachiger-besucher\/#primaryimage\"},\"datePublished\":\"2020-09-15T11:17:15+00:00\",\"dateModified\":\"2020-10-19T09:06:38+00:00\",\"breadcrumb\":{\"@id\":\"https:\/\/www.aep-italia.it\/it\/deutschsprachiger-besucher\/#breadcrumb\"},\"inLanguage\":\"it-IT\",\"potentialAction\":[{\"@type\":\"ReadAction\",\"target\":[\"https:\/\/www.aep-italia.it\/it\/deutschsprachiger-besucher\/\"]}]},{\"@type\":\"BreadcrumbList\",\"@id\":\"https:\/\/www.aep-italia.it\/it\/deutschsprachiger-besucher\/#breadcrumb\",\"itemListElement\":[{\"@type\":\"ListItem\",\"position\":1,\"item\":{\"@type\":\"WebPage\",\"@id\":\"https:\/\/www.aep-italia.it\/it\/\",\"url\":\"https:\/\/www.aep-italia.it\/it\/\",\"name\":\"Home\"}},{\"@type\":\"ListItem\",\"position\":2,\"item\":{\"@type\":\"WebPage\",\"@id\":\"https:\/\/www.aep-italia.it\/it\/deutschsprachiger-besucher\/\",\"url\":\"https:\/\/www.aep-italia.it\/it\/deutschsprachiger-besucher\/\",\"name\":\"Azienda\"}}]}]}<\/script>\n<!-- \/ Yoast SEO plugin. -->","_links":{"self":[{"href":"https:\/\/www.aep-italia.it\/it\/wp-json\/wp\/v2\/pages\/36708"}],"collection":[{"href":"https:\/\/www.aep-italia.it\/it\/wp-json\/wp\/v2\/pages"}],"about":[{"href":"https:\/\/www.aep-italia.it\/it\/wp-json\/wp\/v2\/types\/page"}],"author":[{"embeddable":true,"href":"https:\/\/www.aep-italia.it\/it\/wp-json\/wp\/v2\/users\/29"}],"replies":[{"embeddable":true,"href":"https:\/\/www.aep-italia.it\/it\/wp-json\/wp\/v2\/comments?post=36708"}],"version-history":[{"count":9,"href":"https:\/\/www.aep-italia.it\/it\/wp-json\/wp\/v2\/pages\/36708\/revisions"}],"predecessor-version":[{"id":38166,"href":"https:\/\/www.aep-italia.it\/it\/wp-json\/wp\/v2\/pages\/36708\/revisions\/38166"}],"wp:attachment":[{"href":"https:\/\/www.aep-italia.it\/it\/wp-json\/wp\/v2\/media?parent=36708"}],"curies":[{"name":"wp","href":"https:\/\/api.w.org\/{rel}","templated":true}]}}