{"id":41342,"date":"2023-02-28T11:20:01","date_gmt":"2023-02-28T10:20:01","guid":{"rendered":"https:\/\/www.aep-italia.it\/?page_id=41342"},"modified":"2025-04-03T14:33:01","modified_gmt":"2025-04-03T13:33:01","slug":"politica-per-la-gestione-della-sicurezza-dellinformazione","status":"publish","type":"page","link":"https:\/\/www.aep-italia.it\/it\/azienda\/politica-per-la-gestione-della-sicurezza-dellinformazione\/","title":{"rendered":"Politica per la gestione della sicurezza dell&#8217;informazione"},"content":{"rendered":"\n<p>Obiettivo di <strong>AEP Ticketing solutions <\/strong>\u00e8 di fare tutto ci\u00f2 che \u00e8 ragionevolmente possibile per garantire la massima sicurezza delle informazioni e dei dati in proprio possesso. L&#8217;Azienda considera i requisiti normativi e legali di sicurezza delle informazioni e dei dati come standard minimi e manterr\u00e0 attiva la cultura della loro sicurezza con forte impegno utilizzando come riferimento le indicazioni della norma ISO 27001 e attraverso lo sviluppo continuo di sistemi sempre migliori.<br><br>E&#8217; compito dell&#8217;Organizzazione verificare che tutto quanto ragionevolmente possibile venga messo in atto per proteggere le informazioni ed i dati attraverso: <\/p>\n\n\n\n<ul><li>lo sviluppo della cultura di ciascun lavoratore circa l&#8217;importanza della sicurezza delle informazioni e dei dati;<\/li><li>il mantenimento di strutture sicure;<\/li><li>l&#8217;effettuazione della valutazione dei rischi delle attivit\u00e0 e implementando le azioni necessarie per ridurre tali rischi al livello pi\u00f9 basso possibile; l&#8217;esecuzione di&nbsp;controlli finalizzati al mantenimento della conformit\u00e0 ai requisiti di sicurezza previsti dalle normative ed alle procedure aziendali.<\/li><\/ul>\n\n\n\n<p>Il Management ha la responsabilit\u00e0 di garantire che i requisiti di sicurezza siano rispettati ed ha il pieno sostegno della Direzione dell&#8217;Azienda per il raggiungimento di tale obiettivo.<br><br>E&#8217; responsabilit\u00e0 e obbligo di ogni dipendente collaborare e contribuire all&#8217;implementazione della nostra politica con le seguenti modalit\u00e0:<\/p>\n\n\n\n<ul><li>rispettare le procedure aziendali finalizzate a garantire che il patrimonio aziendale di informazioni e dati sia protetto; <\/li><li>diffondere le proprie competenze ed esperienze ai colleghi e collaboratori; <\/li><li>notificare gli inconvenienti e collaborare nella ricerca dei possibili miglioramenti di protezione; <\/li><li>migliorare le&nbsp;necessarie&nbsp;competenze partecipando ai corsi di formazione specifici; <\/li><\/ul>\n\n\n\n<p>Saranno monitorati tutti i requisiti legali e regolamentari per il loro aggiornamento e presa in carico.<br><br>Essendo la sicurezza delle informazioni e dei dati un patrimonio incalcolabile dell&#8217;Azienda, \u00e8 parte integrante del nostro business e pertanto elevati standard per la gestione della loro sicurezza saranno perseguiti con lo stesso vigore degli altri obiettivi gestionali.<\/p>\n\n\n\n<p><a href=\"https:\/\/www.aep-italia.it\/wp-content\/uploads\/2025\/04\/POLITICA-SID-IT-EN_2024-Firmata.pdf\" target=\"_blank\" rel=\"noreferrer noopener\">Scarica PDF<\/a><\/p>\n","protected":false},"excerpt":{"rendered":"<p>Obiettivo di AEP Ticketing solutions \u00e8 di fare tutto ci\u00f2 che \u00e8 ragionevolmente possibile per garantire la massima sicurezza delle informazioni e dei dati in proprio possesso. L&#8217;Azienda considera i requisiti normativi e legali di sicurezza delle informazioni e dei dati come standard minimi e manterr\u00e0 attiva la cultura della loro sicurezza con forte impegno [&hellip;]<\/p>\n","protected":false},"author":13,"featured_media":0,"parent":33030,"menu_order":0,"comment_status":"closed","ping_status":"closed","template":"","meta":{"ngg_post_thumbnail":0},"yoast_head":"<!-- This site is optimized with the Yoast SEO plugin v15.9.1 - https:\/\/yoast.com\/wordpress\/plugins\/seo\/ -->\n<title>Politica per la gestione della sicurezza dell&#039;informazione - AEP Ticketing Solutions<\/title>\n<meta name=\"robots\" content=\"index, follow, max-snippet:-1, max-image-preview:large, max-video-preview:-1\" \/>\n<link rel=\"canonical\" href=\"https:\/\/www.aep-italia.it\/it\/azienda\/politica-per-la-gestione-della-sicurezza-dellinformazione\/\" \/>\n<meta property=\"og:locale\" content=\"it_IT\" \/>\n<meta property=\"og:type\" content=\"article\" \/>\n<meta property=\"og:title\" content=\"Politica per la gestione della sicurezza dell&#039;informazione - AEP Ticketing Solutions\" \/>\n<meta property=\"og:description\" content=\"Obiettivo di AEP Ticketing solutions \u00e8 di fare tutto ci\u00f2 che \u00e8 ragionevolmente possibile per garantire la massima sicurezza delle informazioni e dei dati in proprio possesso. L&#8217;Azienda considera i requisiti normativi e legali di sicurezza delle informazioni e dei dati come standard minimi e manterr\u00e0 attiva la cultura della loro sicurezza con forte impegno [&hellip;]\" \/>\n<meta property=\"og:url\" content=\"https:\/\/www.aep-italia.it\/it\/azienda\/politica-per-la-gestione-della-sicurezza-dellinformazione\/\" \/>\n<meta property=\"og:site_name\" content=\"AEP Ticketing Solutions\" \/>\n<meta property=\"article:modified_time\" content=\"2025-04-03T13:33:01+00:00\" \/>\n<meta name=\"twitter:label1\" content=\"Tempo di lettura stimato\">\n\t<meta name=\"twitter:data1\" content=\"2 minuti\">\n<script type=\"application\/ld+json\" class=\"yoast-schema-graph\">{\"@context\":\"https:\/\/schema.org\",\"@graph\":[{\"@type\":\"WebSite\",\"@id\":\"https:\/\/www.aep-italia.it\/it\/#website\",\"url\":\"https:\/\/www.aep-italia.it\/it\/\",\"name\":\"AEP Ticketing Solutions\",\"description\":\"OUR Priority YOUR Mobility\",\"potentialAction\":[{\"@type\":\"SearchAction\",\"target\":\"https:\/\/www.aep-italia.it\/it\/?s={search_term_string}\",\"query-input\":\"required name=search_term_string\"}],\"inLanguage\":\"it-IT\"},{\"@type\":\"WebPage\",\"@id\":\"https:\/\/www.aep-italia.it\/it\/azienda\/politica-per-la-gestione-della-sicurezza-dellinformazione\/#webpage\",\"url\":\"https:\/\/www.aep-italia.it\/it\/azienda\/politica-per-la-gestione-della-sicurezza-dellinformazione\/\",\"name\":\"Politica per la gestione della sicurezza dell'informazione - AEP Ticketing Solutions\",\"isPartOf\":{\"@id\":\"https:\/\/www.aep-italia.it\/it\/#website\"},\"datePublished\":\"2023-02-28T10:20:01+00:00\",\"dateModified\":\"2025-04-03T13:33:01+00:00\",\"breadcrumb\":{\"@id\":\"https:\/\/www.aep-italia.it\/it\/azienda\/politica-per-la-gestione-della-sicurezza-dellinformazione\/#breadcrumb\"},\"inLanguage\":\"it-IT\",\"potentialAction\":[{\"@type\":\"ReadAction\",\"target\":[\"https:\/\/www.aep-italia.it\/it\/azienda\/politica-per-la-gestione-della-sicurezza-dellinformazione\/\"]}]},{\"@type\":\"BreadcrumbList\",\"@id\":\"https:\/\/www.aep-italia.it\/it\/azienda\/politica-per-la-gestione-della-sicurezza-dellinformazione\/#breadcrumb\",\"itemListElement\":[{\"@type\":\"ListItem\",\"position\":1,\"item\":{\"@type\":\"WebPage\",\"@id\":\"https:\/\/www.aep-italia.it\/it\/\",\"url\":\"https:\/\/www.aep-italia.it\/it\/\",\"name\":\"Home\"}},{\"@type\":\"ListItem\",\"position\":2,\"item\":{\"@type\":\"WebPage\",\"@id\":\"https:\/\/www.aep-italia.it\/it\/azienda\/\",\"url\":\"https:\/\/www.aep-italia.it\/it\/azienda\/\",\"name\":\"Azienda\"}},{\"@type\":\"ListItem\",\"position\":3,\"item\":{\"@type\":\"WebPage\",\"@id\":\"https:\/\/www.aep-italia.it\/it\/azienda\/politica-per-la-gestione-della-sicurezza-dellinformazione\/\",\"url\":\"https:\/\/www.aep-italia.it\/it\/azienda\/politica-per-la-gestione-della-sicurezza-dellinformazione\/\",\"name\":\"Politica per la gestione della sicurezza dell&#8217;informazione\"}}]}]}<\/script>\n<!-- \/ Yoast SEO plugin. -->","_links":{"self":[{"href":"https:\/\/www.aep-italia.it\/it\/wp-json\/wp\/v2\/pages\/41342"}],"collection":[{"href":"https:\/\/www.aep-italia.it\/it\/wp-json\/wp\/v2\/pages"}],"about":[{"href":"https:\/\/www.aep-italia.it\/it\/wp-json\/wp\/v2\/types\/page"}],"author":[{"embeddable":true,"href":"https:\/\/www.aep-italia.it\/it\/wp-json\/wp\/v2\/users\/13"}],"replies":[{"embeddable":true,"href":"https:\/\/www.aep-italia.it\/it\/wp-json\/wp\/v2\/comments?post=41342"}],"version-history":[{"count":3,"href":"https:\/\/www.aep-italia.it\/it\/wp-json\/wp\/v2\/pages\/41342\/revisions"}],"predecessor-version":[{"id":45060,"href":"https:\/\/www.aep-italia.it\/it\/wp-json\/wp\/v2\/pages\/41342\/revisions\/45060"}],"up":[{"embeddable":true,"href":"https:\/\/www.aep-italia.it\/it\/wp-json\/wp\/v2\/pages\/33030"}],"wp:attachment":[{"href":"https:\/\/www.aep-italia.it\/it\/wp-json\/wp\/v2\/media?parent=41342"}],"curies":[{"name":"wp","href":"https:\/\/api.w.org\/{rel}","templated":true}]}}